{"id":845,"date":"2017-07-13T06:58:00","date_gmt":"2017-07-13T06:58:00","guid":{"rendered":"http:\/\/dummy.xtemos.com\/woodmart\/demos\/?page_id=845"},"modified":"2020-01-18T22:36:46","modified_gmt":"2020-01-18T21:36:46","slug":"om-os","status":"publish","type":"page","link":"https:\/\/xlfence.com\/da\/om-os\/","title":{"rendered":"Om os"},"content":{"rendered":"<p>[vc_row css=&#8221;.vc_custom_1579383059359{margin-bottom: 0px !important;border-bottom-width: 2vh !important;}&#8221; mobile_bg_img_hidden=&#8221;no&#8221; tablet_bg_img_hidden=&#8221;no&#8221; woodmart_parallax=&#8221;0&#8243; woodmart_gradient_switch=&#8221;no&#8221; row_reverse_mobile=&#8221;0&#8243; row_reverse_tablet=&#8221;0&#8243; woodmart_disable_overflow=&#8221;0&#8243;][vc_column offset=&#8221;vc_col-lg-offset-2 vc_col-lg-8 vc_col-md-offset-2 vc_col-md-8 vc_col-sm-offset-0&#8243; css=&#8221;.vc_custom_1499599304156{padding-top: 0px !important;}&#8221;]\n\t\t<div id=\"wd-5cee3851de85c\" class=\"title-wrapper wd-wpb set-mb-s reset-last-child  wd-rs-5cee3851de85c wd-title-color-default wd-title-style-default wd-width-100 text-left vc_custom_1559115952978 wd-underline-colored\">\n\t\t\t\n\t\t\t<div class=\"liner-continer\">\n\t\t\t\t<h4 class=\"woodmart-title-container title  wd-font-weight- wd-fontsize-xxxl\" >Om os<\/h4>\n\t\t\t\t\t\t\t<\/div>\n\t\t\t\n\t\t\t\n\t\t\t\n\t\t<\/div>\n\t\t\n\t\t[vc_custom_heading text=&#8221;VORES VISION ER AT V\u00c6RE DET F\u00d8RENDE PREMIUM BRAND INDENFOR HEGNSL\u00d8SNINGER TIL PRIVATE OG ERHVERV.&#8221; font_container=&#8221;tag:p|font_size:22|text_align:left|color:%238e8e8e&#8221; google_fonts=&#8221;font_family:Lato%3A100%2C100italic%2C300%2C300italic%2Cregular%2Citalic%2C700%2C700italic%2C900%2C900italic|font_style:300%20light%20italic%3A300%3Aitalic&#8221;][vc_row_inner][vc_column_inner width=&#8221;1\/2&#8243; css=&#8221;.vc_custom_1494857398526{padding-top: 0px !important;}&#8221;][vc_column_text css=&#8221;.vc_custom_1559132107555{margin-bottom: 20px !important;}&#8221; text_larger=&#8221;no&#8221;]Hos XLFENCE styres vi af respekt for vores arv, vores opfordring til innovation, vores str\u00e6ben efter excellence, vores dedikation til at pleje og vedligeholde denne passion.<\/p>\n<p>XL Fence blev grundlagt i 2017 af Jima Hegn ApS i Danmark &#8211; Baseret p\u00e5 nye produkt udviklinger for at v\u00e6re med i et konkurrence pr\u00e6get marked i Danmark.<\/p>\n<p>Sammens\u00e6tningen af nye materialer gav grobund for nye produkter med hidtil usete egenskaber for mindre vedligehold, hvilket har givet sin succes p\u00e5 vores produkt serie.<\/p>\n<p>[\/vc_column_text][\/vc_column_inner][vc_column_inner width=&#8221;1\/2&#8243; css=&#8221;.vc_custom_1494857394949{padding-top: 0px !important;}&#8221;][vc_column_text css=&#8221;.vc_custom_1559122422061{margin-bottom: 20px !important;}&#8221; text_larger=&#8221;no&#8221;]Vi er interesserede i at skabe og opretholde st\u00e6rke, positive relationer med vores kolleger, vores partnere, vores kunder og de samfund, hvor vi bor og arbejder med respekt for mangfoldighed.<\/p>\n<p>Vores arbejde er baseret p\u00e5 kvalitetsmaterialer og vi udfordrer markedet p\u00e5 de bedste fordele for kunden<\/p>\n<p>Innovation er hj\u00f8rnestenen i XL Fence. Vi s\u00f8ger konstant at udvikle og lave forbedringer i hegnsbranchen. For os handler innovation om at definere nye standarder som passer til fremtidens krav for innovation.[\/vc_column_text][\/vc_column_inner][\/vc_row_inner][vc_separator color=&#8221;custom&#8221; accent_color=&#8221;rgba(10,10,10,0.12)&#8221; css=&#8221;.vc_custom_1499600318751{margin-bottom: 30px !important;padding-top: 10px !important;}&#8221;][vc_row_inner content_placement=&#8221;middle&#8221; css=&#8221;.vc_custom_1499600064550{padding-top: 0px !important;}&#8221;][vc_column_inner css=&#8221;.vc_custom_1499599970647{margin-bottom: 20px !important;padding-top: 0px !important;}&#8221;]\n\t\t\t<div class=\"wd-social-icons  woodmart-social-icons icons-design-bordered icons-size-small color-scheme-dark social-share social-form-circle text-right\">\n\n\t\t\t\t\n\t\t\t\t\t\t\t\t\t<a rel=\"noopener noreferrer nofollow\" href=\"https:\/\/www.facebook.com\/sharer\/sharer.php?u=https:\/\/xlfence.com\/da\/om-os\/\" target=\"_blank\" class=\" wd-social-icon social-facebook\" aria-label=\"Facebook social link\">\n\t\t\t\t\t\t<span class=\"wd-icon\"><\/span>\n\t\t\t\t\t\t\t\t\t\t\t<\/a>\n\t\t\t\t\n\t\t\t\t\t\t\t\t\t<a rel=\"noopener noreferrer nofollow\" href=\"https:\/\/twitter.com\/share?url=https:\/\/xlfence.com\/da\/om-os\/\" target=\"_blank\" class=\" wd-social-icon social-twitter\" aria-label=\"Twitter social link\">\n\t\t\t\t\t\t<span class=\"wd-icon\"><\/span>\n\t\t\t\t\t\t\t\t\t\t\t<\/a>\n\t\t\t\t\n\t\t\t\t\t\t\t\t\t<a rel=\"noopener noreferrer nofollow\" href=\"mailto:?subject=Check%20this%20https:\/\/xlfence.com\/da\/om-os\/\" target=\"_blank\" class=\" wd-social-icon social-email\" aria-label=\"Email social link\">\n\t\t\t\t\t\t<span class=\"wd-icon\"><\/span>\n\t\t\t\t\t\t\t\t\t\t\t<\/a>\n\t\t\t\t\n\t\t\t\t\n\t\t\t\t\n\t\t\t\t\t\t\t\t\t<a rel=\"noopener noreferrer nofollow\" href=\"https:\/\/pinterest.com\/pin\/create\/button\/?url=https:\/\/xlfence.com\/da\/om-os\/&media=https:\/\/xlfence.com\/wp-includes\/images\/media\/default.png&description=Om+os\" target=\"_blank\" class=\" wd-social-icon social-pinterest\" aria-label=\"Pinterest social link\">\n\t\t\t\t\t\t<span class=\"wd-icon\"><\/span>\n\t\t\t\t\t\t\t\t\t\t\t<\/a>\n\t\t\t\t\n\t\t\t\t\n\t\t\t\t\t\t\t\t\t<a rel=\"noopener noreferrer nofollow\" href=\"https:\/\/www.linkedin.com\/shareArticle?mini=true&url=https:\/\/xlfence.com\/da\/om-os\/\" target=\"_blank\" class=\" wd-social-icon social-linkedin\" aria-label=\"Linkedin social link\">\n\t\t\t\t\t\t<span class=\"wd-icon\"><\/span>\n\t\t\t\t\t\t\t\t\t\t\t<\/a>\n\t\t\t\t\n\t\t\t\t\n\t\t\t\t\n\t\t\t\t\n\t\t\t\t\n\t\t\t\t\n\t\t\t\t\n\t\t\t\t\n\t\t\t\t\n\t\t\t\t\n\t\t\t\t\t\t\t\t\n\t\t\t\t\t\t\t\t\n\t\t\t\t\n\t\t\t\t\t\t\t\t\t<a rel=\"noopener noreferrer nofollow\" href=\"https:\/\/telegram.me\/share\/url?url=https:\/\/xlfence.com\/da\/om-os\/\" target=\"_blank\" class=\" wd-social-icon social-tg\" aria-label=\"Telegram social link\">\n\t\t\t\t\t\t<span class=\"wd-icon\"><\/span>\n\t\t\t\t\t\t\t\t\t\t\t<\/a>\n\t\t\t\t\t\t\t\t\n\t\t\t\t\n\t\t\t<\/div>\n\n\t\t[\/vc_column_inner][\/vc_row_inner][vc_empty_space height=&#8221;50px&#8221; woodmart_hide_large=&#8221;0&#8243; woodmart_hide_medium=&#8221;0&#8243; woodmart_hide_small=&#8221;0&#8243; woodmart_hide_extra_small=&#8221;0&#8243;][\/vc_column][\/vc_row][vc_row full_width=&#8221;stretch_row_content_no_spaces&#8221; mobile_bg_img_hidden=&#8221;no&#8221; tablet_bg_img_hidden=&#8221;no&#8221; woodmart_parallax=&#8221;0&#8243; woodmart_gradient_switch=&#8221;no&#8221; row_reverse_mobile=&#8221;0&#8243; row_reverse_tablet=&#8221;0&#8243; woodmart_disable_overflow=&#8221;0&#8243;][vc_column]\t\t\t<div id=\"wd-5e2378c1bbcba\" class=\"wd-row-divider wd-5e2378c1bbcba dvr-position-bottom dvr-style-curved-line woodmart-row-divider dvr-overlap-enable\">\n\t\t\t\t<svg xmlns=\"http:\/\/www.w3.org\/2000\/svg\" xmlns:xlink=\"http:\/\/www.w3.org\/1999\/xlink\" x=\"0px\" y=\"0px\"\n\t viewBox=\"0 0 100 100\" width=\"100%\" height=\"50px\" preserveAspectRatio=\"none\">\n<path display=\"none\" d=\"M100,25.8V100H0V52.5c-4.9-6.8-9.5-13.8-15-19.7V101h125V20.9C106.3,22,103,23.7,100,25.8z\"\/>\n<path d=\"M100,100V0.8C77.8,21.4,71.3,70.5,38.6,70.5c-18.8,0-29.1-16.2-38.6-34V100H100z\"\/>\n<\/svg>\n\t\t\t\t\t\t\t<\/div>\n\t\t[\/vc_column][\/vc_row][vc_row full_width=&#8221;stretch_row&#8221; woodmart_disable_overflow=&#8221;1&#8243; css=&#8221;.vc_custom_1579383044246{margin-bottom: 10vh !important;padding-top: 10vh !important;padding-bottom: 8vh !important;background-color: #111111 !important;}&#8221; mobile_bg_img_hidden=&#8221;no&#8221; tablet_bg_img_hidden=&#8221;no&#8221; woodmart_parallax=&#8221;0&#8243; woodmart_gradient_switch=&#8221;no&#8221; row_reverse_mobile=&#8221;0&#8243; row_reverse_tablet=&#8221;0&#8243;][vc_column css=&#8221;.vc_custom_1499592886600{padding-top: 0px !important;}&#8221;][vc_single_image image=&#8221;7723&#8243; img_size=&#8221;200&#215;70&#8243; alignment=&#8221;center&#8221; parallax_scroll=&#8221;no&#8221;][vc_custom_heading text=&#8221;XL FENCE ER EN KREATIV &amp; INNOVATIV VIRKSOMHED&#8221; font_container=&#8221;tag:h5|font_size:16|text_align:center|color:rgba(255%2C255%2C255%2C0.8)&#8221; use_theme_fonts=&#8221;yes&#8221; css=&#8221;.vc_custom_1559122701135{margin-bottom: 10px !important;}&#8221; el_class=&#8221;visible-lg&#8221;]\n\t\t<div id=\"wd-5cee7881d82bb\" class=\"title-wrapper wd-wpb set-mb-s reset-last-child  wd-rs-5cee7881d82bb wd-title-color-white wd-title-style-default wd-width-50 text-center vc_custom_1559132353503 wd-underline-colored\">\n\t\t\t\n\t\t\t<div class=\"liner-continer\">\n\t\t\t\t<h4 class=\"woodmart-title-container title  wd-font-weight- wd-fontsize-xxxl\" >Se vores pr\u00e6sentation<\/h4>\n\t\t\t\t\t\t\t<\/div>\n\t\t\t\n\t\t\t\t\t\t\t<div class=\"title-after_title  set-cont-mb-s reset-last-child  wd-fontsize-s\">Vi er stolte over at have skabt et unik produkt ved at sammens\u00e6tte to helt vedligeholdelsesfrie materialer.<\/div>\n\t\t\t\n\t\t\t\n\t\t<\/div>\n\t\t\n\t\t[vc_row_inner][vc_column_inner width=&#8221;1\/2&#8243; css=&#8221;.vc_custom_1499612891079{margin-bottom: 0px !important;padding-top: 20px !important;padding-bottom: 20px !important;}&#8221;][vc_video link=&#8221;https:\/\/www.youtube.com\/watch?v=7n392tC2Xq4&#8243; align=&#8221;center&#8221; poster_image=&#8221;2717&#8243; image_poster_switch=&#8221;yes&#8221; css=&#8221;.vc_custom_1559135037949{margin-bottom: 20px !important;background-position: center !important;background-repeat: no-repeat !important;background-size: cover !important;}&#8221;]\n\t\t<div id=\"wd-5cee82e2b716f\" class=\"title-wrapper wd-wpb set-mb-s reset-last-child  wd-rs-5cee82e2b716f wd-title-color-white wd-title-style-default wd-width-100 text-center vc_custom_1559134961329 wd-underline-colored\">\n\t\t\t\n\t\t\t<div class=\"liner-continer\">\n\t\t\t\t<h4 class=\"woodmart-title-container title  wd-font-weight- wd-fontsize-m\" >Smukke design og kraftige kvaliteter<\/h4>\n\t\t\t\t\t\t\t<\/div>\n\t\t\t\n\t\t\t\n\t\t\t\n\t\t<\/div>\n\t\t\n\t\t<div id=\"wd-5cee540dbaf4b\" class=\" wd-rs-5cee540dbaf4b  wd-button-wrapper woodmart-button-wrapper text-center\"><a href=\"#\" title=\"\" class=\"btn btn-color-white btn-style-link btn-style-rectangle btn-size-default\">Se flere<\/a><\/div>[\/vc_column_inner][vc_column_inner width=&#8221;1\/2&#8243; css=&#8221;.vc_custom_1499612903694{margin-bottom: 0px !important;padding-top: 20px !important;padding-bottom: 20px !important;}&#8221;][vc_video link=&#8221;https:\/\/www.youtube.com\/watch?v=6kE4oj5atbc&#8221; align=&#8221;center&#8221; poster_image=&#8221;4395&#8243; image_poster_switch=&#8221;yes&#8221; css=&#8221;.vc_custom_1559135225840{margin-bottom: 20px !important;background-position: center !important;background-repeat: no-repeat !important;background-size: cover !important;}&#8221;]\n\t\t<div id=\"wd-5cee83026ef3f\" class=\"title-wrapper wd-wpb set-mb-s reset-last-child  wd-rs-5cee83026ef3f wd-title-color-white wd-title-style-default wd-width-100 text-center vc_custom_1559134988634 wd-underline-colored\">\n\t\t\t\n\t\t\t<div class=\"liner-continer\">\n\t\t\t\t<h4 class=\"woodmart-title-container title  wd-font-weight- wd-fontsize-m\" >Nem montering med et XL Fence<\/h4>\n\t\t\t\t\t\t\t<\/div>\n\t\t\t\n\t\t\t\n\t\t\t\n\t\t<\/div>\n\t\t\n\t\t<div id=\"wd-5cee541a5c344\" class=\" wd-rs-5cee541a5c344  wd-button-wrapper woodmart-button-wrapper text-center\"><a href=\"https:\/\/www.youtube.com\/channel\/UCDjXwo6CTa199fM3xIpk05g\" title=\"\" class=\"btn btn-color-white btn-style-link btn-style-rectangle btn-size-default\">Se flere<\/a><\/div>[\/vc_column_inner][\/vc_row_inner][\/vc_column][\/vc_row][vc_row mobile_bg_img_hidden=&#8221;no&#8221; tablet_bg_img_hidden=&#8221;no&#8221; woodmart_parallax=&#8221;0&#8243; woodmart_gradient_switch=&#8221;no&#8221; row_reverse_mobile=&#8221;0&#8243; row_reverse_tablet=&#8221;0&#8243; woodmart_disable_overflow=&#8221;0&#8243; css=&#8221;.vc_custom_1559138266526{padding-top: -4vh !important;padding-bottom: 6vh !important;}&#8221;][vc_column mobile_bg_img_hidden=&#8221;no&#8221; tablet_bg_img_hidden=&#8221;no&#8221; woodmart_parallax=&#8221;0&#8243; woodmart_sticky_column=&#8221;false&#8221; parallax_scroll=&#8221;no&#8221; mobile_reset_margin=&#8221;no&#8221; tablet_reset_margin=&#8221;no&#8221;][vc_icon icon_fontawesome=&#8221;fa fa-map-marker&#8221; color=&#8221;custom&#8221; size=&#8221;xl&#8221; align=&#8221;center&#8221; custom_color=&#8221;#dd5a5a&#8221;]\t\t\t<div id=\"wd-5cee8d3c721dd\" class=\"wd-text-block-wrapper wd-wpb wd-rs-5cee8d3c721dd color-scheme-dark wd-width-100 text-center \">\n\t\t\t\t<div class=\"woodmart-title-container woodmart-text-block reset-last-child font-primary wd-font-weight- wd-fontsize-m\">\n\t\t\t\t\tHer kan du finde alle som forhandler XL Fence i dit n\u00e6romr\u00e5de.\t\t\t\t<\/div>\n\n\t\t\t\t\t\t\t<\/div>\n\t\t<div id=\"wd-5cee8d4988bf4\" class=\" wd-rs-5cee8d4988bf4  wd-button-wrapper woodmart-button-wrapper text-center\"><a href=\"https:\/\/xlfence.dk\/find-forhandler\/\" title=\"Find forhandler\" class=\"btn btn-color-black btn-style-bordered btn-style-rectangle btn-size-large\">Find forhandler<\/a><\/div>[\/vc_column][\/vc_row][vc_row full_width=&#8221;stretch_row&#8221; css=&#8221;.vc_custom_1559138322142{margin-bottom: -4vh !important;padding-top: 12vh !important;padding-bottom: 14vh !important;background-color: #111111 !important;}&#8221; mobile_bg_img_hidden=&#8221;no&#8221; tablet_bg_img_hidden=&#8221;no&#8221; woodmart_parallax=&#8221;0&#8243; woodmart_gradient_switch=&#8221;no&#8221; row_reverse_mobile=&#8221;0&#8243; row_reverse_tablet=&#8221;0&#8243; woodmart_disable_overflow=&#8221;0&#8243;][vc_column css=&#8221;.vc_custom_1499516443656{padding-top: 0px !important;}&#8221;][vc_single_image image=&#8221;4183&#8243; img_size=&#8221;200&#215;70&#8243; alignment=&#8221;center&#8221; parallax_scroll=&#8221;no&#8221; css=&#8221;.vc_custom_1559135798465{margin-bottom: -5px !important;}&#8221;]\n\t\t<div id=\"wd-5cee87b00a530\" class=\"title-wrapper wd-wpb set-mb-s reset-last-child  wd-rs-5cee87b00a530 wd-title-color-white wd-title-style-default wd-width-50 text-center vc_custom_1559136254047 wd-underline-colored\">\n\t\t\t\n\t\t\t<div class=\"liner-continer\">\n\t\t\t\t<h4 class=\"woodmart-title-container title  wd-font-weight- wd-fontsize-xxxl\" >SHOWROOMS<\/h4>\n\t\t\t\t\t\t\t<\/div>\n\t\t\t\n\t\t\t\t\t\t\t<div class=\"title-after_title  set-cont-mb-s reset-last-child  wd-fontsize-s\">Se vores udstillinger af XL Fence p\u00e5 udvalgte steder i 4 forskellige lande<\/div>\n\t\t\t\n\t\t\t\n\t\t<\/div>\n\t\t\n\t\t[\/vc_column][vc_column width=&#8221;1\/2&#8243; css=&#8221;.vc_custom_1499669319732{padding-top: 0px !important;}&#8221; offset=&#8221;vc_col-lg-3 vc_col-md-3&#8243;]\t\t\t<div class=\"info-box-wrapper\">\n\t\t\t\t<div id=\"wd-5cee870f189ac\" class=\" wd-rs-5cee870f189ac wd-info-box woodmart-info-box wd-wpb text-left box-icon-align-left box-style- color-scheme-light wd-bg-none box-title-small vc_custom_1559136043345\"  >\n\t\t\t\t\t\t\t\t\t\t<div class=\"info-box-content\">\n\t\t\t\t\t\t<h4 class=\"info-box-title title wd-font-weight- box-title-style-default wd-fontsize-s\">DANMARK<\/h4>\t\t\t\t\t\t<div class=\"info-box-inner set-cont-mb-s reset-last-child\">\n\t\t\t\t\t\t\t<p>Jima Hegn ApS<br \/>\nPrins Chr Kvarter 3<br \/>\nDK-7000 Fredericia<br \/>\nDanmark<\/p>\n\t\t\t\t\t\t<\/div>\n\n\t\t\t\t\t\t\t\t\t\t\t<\/div>\n\n\t\t\t\t\t\t\t\t\t<\/div>\n\t\t\t<\/div>\n\t\t[vc_column_text woodmart_color_scheme=&#8221;light&#8221; text_larger=&#8221;no&#8221;]<span style=\"color: #ffffff;\"><strong>Telefon:<\/strong> <\/span>+45 70 3 07 89<br \/>\n<span style=\"color: #ffffff;\"><strong>Email:<\/strong><\/span> info@jimahegn.dk[\/vc_column_text][\/vc_column][vc_column width=&#8221;1\/2&#8243; css=&#8221;.vc_custom_1499669331084{padding-top: 0px !important;}&#8221; offset=&#8221;vc_col-lg-3 vc_col-md-3&#8243;]\t\t\t<div class=\"info-box-wrapper\">\n\t\t\t\t<div id=\"wd-5cee8790db057\" class=\" wd-rs-5cee8790db057 wd-info-box woodmart-info-box wd-wpb text-left box-icon-align-left box-style- color-scheme-light wd-bg-none box-title-small vc_custom_1559136151704\"  >\n\t\t\t\t\t\t\t\t\t\t<div class=\"info-box-content\">\n\t\t\t\t\t\t<h4 class=\"info-box-title title wd-font-weight- box-title-style-default wd-fontsize-s\">NORGE<\/h4>\t\t\t\t\t\t<div class=\"info-box-inner set-cont-mb-s reset-last-child\">\n\t\t\t\t\t\t\t<p>Huset Middelfart<br \/>\nHindsgavl alle 2<br \/>\nDK-5500, Middelfart<br \/>\nDanmark<\/p>\n\t\t\t\t\t\t<\/div>\n\n\t\t\t\t\t\t\t\t\t\t\t<\/div>\n\n\t\t\t\t\t\t\t\t\t<\/div>\n\t\t\t<\/div>\n\t\t[vc_column_text woodmart_color_scheme=&#8221;light&#8221; text_larger=&#8221;no&#8221;]<span style=\"color: #ffffff;\"><strong>Telefon:<\/strong> <\/span>+45 70 12 36 00<br \/>\n<span style=\"color: #ffffff;\"><strong>Email:<\/strong><\/span> post@huset-middelfart.dk[\/vc_column_text][\/vc_column][\/vc_row]<\/p>\n","protected":false},"excerpt":{"rendered":"<p>[vc_row css=&#8221;.vc_custom_1579383059359{margin-bottom: 0px !important;border-bottom-width: 2vh !important;}&#8221; mobile_bg_img_hidden=&#8221;no&#8221; tablet_bg_img_hidden=&#8221;no&#8221; woodmart_parallax=&#8221;0&#8243; woodmart_gradient_switch=&#8221;no&#8221; row_reverse_mobile=&#8221;0&#8243; row_reverse_tablet=&#8221;0&#8243; woodmart_disable_overflow=&#8221;0&#8243;][vc_column offset=&#8221;vc_col-lg-offset-2 vc_col-lg-8 vc_col-md-offset-2 vc_col-md-8 vc_col-sm-offset-0&#8243; css=&#8221;.vc_custom_1499599304156{padding-top: 0px<\/p>\n","protected":false},"author":1,"featured_media":0,"parent":0,"menu_order":0,"comment_status":"closed","ping_status":"closed","template":"","meta":[],"yst_prominent_words":[588,1152,1047,1156,184,175,278,760,1151,181,467,510,1155,1154,1106,240,287,1153,279,182],"yoast_head":"<!-- This site is optimized with the Yoast SEO Premium plugin v14.4.1 - https:\/\/yoast.com\/wordpress\/plugins\/seo\/ -->\n<title>Om os - XL Fence - Future Fencing<\/title>\n<meta name=\"robots\" content=\"index, follow\" \/>\n<meta name=\"googlebot\" content=\"index, follow, max-snippet:-1, max-image-preview:large, max-video-preview:-1\" \/>\n<meta name=\"bingbot\" content=\"index, follow, max-snippet:-1, max-image-preview:large, max-video-preview:-1\" \/>\n<link rel=\"canonical\" href=\"https:\/\/xlfence.com\/da\/om-os\/\" \/>\n<meta property=\"og:locale\" content=\"da_DK\" \/>\n<meta property=\"og:type\" content=\"article\" \/>\n<meta property=\"og:title\" content=\"Om os - XL Fence - Future Fencing\" \/>\n<meta property=\"og:description\" content=\"[vc_row css=&#8221;.vc_custom_1579383059359{margin-bottom: 0px !important;border-bottom-width: 2vh !important;}&#8221; mobile_bg_img_hidden=&#8221;no&#8221; tablet_bg_img_hidden=&#8221;no&#8221; woodmart_parallax=&#8221;0&#8243; woodmart_gradient_switch=&#8221;no&#8221; row_reverse_mobile=&#8221;0&#8243; row_reverse_tablet=&#8221;0&#8243; woodmart_disable_overflow=&#8221;0&#8243;][vc_column offset=&#8221;vc_col-lg-offset-2 vc_col-lg-8 vc_col-md-offset-2 vc_col-md-8 vc_col-sm-offset-0&#8243; css=&#8221;.vc_custom_1499599304156{padding-top: 0px\" \/>\n<meta property=\"og:url\" content=\"https:\/\/xlfence.com\/da\/om-os\/\" \/>\n<meta property=\"og:site_name\" content=\"XL Fence - Future Fencing\" \/>\n<meta property=\"article:modified_time\" content=\"2020-01-18T21:36:46+00:00\" \/>\n<meta name=\"twitter:card\" content=\"summary_large_image\" \/>\n<script type=\"application\/ld+json\" class=\"yoast-schema-graph\">{\"@context\":\"https:\/\/schema.org\",\"@graph\":[{\"@type\":\"WebSite\",\"@id\":\"https:\/\/xlfence.com\/da\/#website\",\"url\":\"https:\/\/xlfence.com\/da\/\",\"name\":\"XL Fence - Future Fencing\",\"description\":\"We produce fence of the future\",\"potentialAction\":[{\"@type\":\"SearchAction\",\"target\":\"https:\/\/xlfence.com\/da\/?s={search_term_string}\",\"query-input\":\"required name=search_term_string\"}],\"inLanguage\":\"da-DK\"},{\"@type\":\"WebPage\",\"@id\":\"https:\/\/xlfence.com\/da\/om-os\/#webpage\",\"url\":\"https:\/\/xlfence.com\/da\/om-os\/\",\"name\":\"Om os - XL Fence - Future Fencing\",\"isPartOf\":{\"@id\":\"https:\/\/xlfence.com\/da\/#website\"},\"datePublished\":\"2017-07-13T06:58:00+00:00\",\"dateModified\":\"2020-01-18T21:36:46+00:00\",\"breadcrumb\":{\"@id\":\"https:\/\/xlfence.com\/da\/om-os\/#breadcrumb\"},\"inLanguage\":\"da-DK\",\"potentialAction\":[{\"@type\":\"ReadAction\",\"target\":[\"https:\/\/xlfence.com\/da\/om-os\/\"]}]},{\"@type\":\"BreadcrumbList\",\"@id\":\"https:\/\/xlfence.com\/da\/om-os\/#breadcrumb\",\"itemListElement\":[{\"@type\":\"ListItem\",\"position\":1,\"item\":{\"@type\":\"WebPage\",\"@id\":\"https:\/\/xlfence.com\/da\/\",\"url\":\"https:\/\/xlfence.com\/da\/\",\"name\":\"Hjem\"}},{\"@type\":\"ListItem\",\"position\":2,\"item\":{\"@type\":\"WebPage\",\"@id\":\"https:\/\/xlfence.com\/da\/om-os\/\",\"url\":\"https:\/\/xlfence.com\/da\/om-os\/\",\"name\":\"Om os\"}}]}]}<\/script>\n<!-- \/ Yoast SEO Premium plugin. -->","_links":{"self":[{"href":"https:\/\/xlfence.com\/da\/wp-json\/wp\/v2\/pages\/845"}],"collection":[{"href":"https:\/\/xlfence.com\/da\/wp-json\/wp\/v2\/pages"}],"about":[{"href":"https:\/\/xlfence.com\/da\/wp-json\/wp\/v2\/types\/page"}],"author":[{"embeddable":true,"href":"https:\/\/xlfence.com\/da\/wp-json\/wp\/v2\/users\/1"}],"replies":[{"embeddable":true,"href":"https:\/\/xlfence.com\/da\/wp-json\/wp\/v2\/comments?post=845"}],"version-history":[{"count":0,"href":"https:\/\/xlfence.com\/da\/wp-json\/wp\/v2\/pages\/845\/revisions"}],"wp:attachment":[{"href":"https:\/\/xlfence.com\/da\/wp-json\/wp\/v2\/media?parent=845"}],"wp:term":[{"taxonomy":"yst_prominent_words","embeddable":true,"href":"https:\/\/xlfence.com\/da\/wp-json\/wp\/v2\/yst_prominent_words?post=845"}],"curies":[{"name":"wp","href":"https:\/\/api.w.org\/{rel}","templated":true}]}}