{"id":5823,"date":"2019-08-02T12:43:59","date_gmt":"2019-08-02T10:43:59","guid":{"rendered":"https:\/\/xlfence.com\/bewertungen\/"},"modified":"2020-01-19T21:47:50","modified_gmt":"2020-01-19T20:47:50","slug":"bewertungen","status":"publish","type":"page","link":"https:\/\/xlfence.com\/de\/bewertungen\/","title":{"rendered":"Bewertungen"},"content":{"rendered":"<p>[vc_row css=&#8220;.vc_custom_1558982162006{margin-bottom: 60px !important;}&#8220; mobile_bg_img_hidden=&#8220;no&#8220; tablet_bg_img_hidden=&#8220;no&#8220; woodmart_parallax=&#8220;0&#8243; woodmart_gradient_switch=&#8220;no&#8220; row_reverse_mobile=&#8220;0&#8243; row_reverse_tablet=&#8220;0&#8243; woodmart_disable_overflow=&#8220;0&#8243;][vc_column]\n\t\t<div id=\"wd-5e24c052efab5\" class=\"title-wrapper wd-wpb set-mb-s reset-last-child  wd-rs-5e24c052efab5 wd-title-color-primary wd-title-style-bordered wd-width-100 text-center vc_custom_1579466845145 wd-underline-colored\">\n\t\t\t\t\t\t\t<div class=\"title-subtitle  subtitle-color-primary font-default subtitle-style-default wd-font-weight- wd-fontsize-xs\">Bewertungen<\/div>\n\t\t\t\n\t\t\t<div class=\"liner-continer\">\n\t\t\t\t<h4 class=\"woodmart-title-container title  wd-font-weight- wd-fontsize-l\" >Was sagen die Kunden?<\/h4>\n\t\t\t\t\t\t\t<\/div>\n\t\t\t\n\t\t\t\n\t\t\t\n\t\t<\/div>\n\t\t\n\t\t\t\t\t\n\t\t\t<div id=\"wd-69e325897f956\" class=\"testimonials testimonials-wrapper testimonials-grid testimon-style-standard color-scheme-  testimon-align-center testimon-with-rating \" >\n\t\t\t\t<div class=\" row wd-spacing-30 wd-columns-3\" >\n\t\t\t\t\t\n<div class=\"testimonial column \">\n\t<div class=\"testimonial-inner\">\n\t\t\n\t\t<div class=\"testimonial-content\">\n\t\t\t<div class=\"testimonial-rating\">\n\t\t\t\t<span class=\"star-rating\">\n\t\t\t\t\t<span style=\"width:100%\"><\/span>\n\t\t\t\t<\/span>\n\t\t\t<\/div>\n\n\t\t\tWir haben einen XL-Zaun in WPC Composite gekauft und haben keinen zweiten Bereut unseren Kauf, es sticht sch\u00f6n auch wir d\u00fcrfen nie die alte Planke Arbeit nicht mehr zu halten.\n\t\t\t<footer>\n\t\t\t\tKenni Madsen\n\t\t\t\t\t\t\t\t\t<span>\n\t\t\t\t\t\tIT-Berater\t\t\t\t\t<\/span>\n\t\t\t\t\t\t\t<\/footer>\n\t\t<\/div>\n\t<\/div>\n<\/div>\n<div class=\"testimonial column \">\n\t<div class=\"testimonial-inner\">\n\t\t\n\t\t<div class=\"testimonial-content\">\n\t\t\t<div class=\"testimonial-rating\">\n\t\t\t\t<span class=\"star-rating\">\n\t\t\t\t\t<span style=\"width:100%\"><\/span>\n\t\t\t\t<\/span>\n\t\t\t<\/div>\n\n\t\t\tBestellt einen XL Rafte Zaun mit Betonpfeilern im letzten Sommer und es steht genauso sch\u00f6n noch, vielen Dank f\u00fcr einen gut gekauften, ein Zaun, der f\u00fcr immer h\u00e4lt.\n\t\t\t<footer>\n\t\t\t\tSarah Nielsen\n\t\t\t\t\t\t\t\t\t<span>\n\t\t\t\t\t\tangestellte\t\t\t\t\t<\/span>\n\t\t\t\t\t\t\t<\/footer>\n\t\t<\/div>\n\t<\/div>\n<\/div>\n<div class=\"testimonial column \">\n\t<div class=\"testimonial-inner\">\n\t\t\n\t\t<div class=\"testimonial-content\">\n\t\t\t<div class=\"testimonial-rating\">\n\t\t\t\t<span class=\"star-rating\">\n\t\t\t\t\t<span style=\"width:100%\"><\/span>\n\t\t\t\t<\/span>\n\t\t\t<\/div>\n\n\t\t\tHabe einen tollen Guide und erinnerte nicht wirklich viel von einem H\u00e4ndler an den XL-Zaun, wo wir auch die Passende-100 zufrieden bestellt.\n\t\t\t<footer>\n\t\t\t\tThomas Hansen\n\t\t\t\t\t\t\t\t\t<span>\n\t\t\t\t\t\tGoogle INC.\t\t\t\t\t<\/span>\n\t\t\t\t\t\t\t<\/footer>\n\t\t<\/div>\n\t<\/div>\n<\/div>\t\t\t\t<\/div>\n\t\t\t<\/div>\n\t\t[vc_separator][vc_empty_space height=&#8220;4vh&#8220; woodmart_hide_large=&#8220;0&#8243; woodmart_hide_medium=&#8220;0&#8243; woodmart_hide_small=&#8220;0&#8243; woodmart_hide_extra_small=&#8220;0&#8243;][\/vc_column][\/vc_row][vc_row mobile_bg_img_hidden=&#8220;no&#8220; tablet_bg_img_hidden=&#8220;no&#8220; woodmart_parallax=&#8220;0&#8243; woodmart_gradient_switch=&#8220;no&#8220; row_reverse_mobile=&#8220;0&#8243; row_reverse_tablet=&#8220;0&#8243; woodmart_disable_overflow=&#8220;0&#8243;][vc_column]\t\t<div id=\"gallery_557\" class=\"wd-images-gallery wd-justify-center wd-items-middle view-grid photoswipe-images\" >\n\t\t\t<div class=\"gallery-images row wd-spacing-30\">\n\t\t\t\t\t\t\t\t\t\t\t\t\t\t\t<div class=\"wd-gallery-item col-lg-3 col-md-3 col-sm-4 col-6\">\n\t\t\t\t\t\t\t\t\t\t\t\t\t\t<a href=\"https:\/\/xlfence.com\/wp-content\/uploads\/2019\/08\/xlfence_at_boerkop_1.jpg\" data-elementor-open-lightbox=\"no\" data-index=\"1\" data-width=\"2500\" data-height=\"1875\"  >\n\t\t\t\t\t\t\t\t\n\t\t\t\t\t\t\t\t\t\t\t\t\t\t\t\t\t<img width=\"300\" height=\"225\" src=\"https:\/\/xlfence.com\/wp-content\/themes\/woodmart\/images\/lazy.png\" class=\"wd-gallery-image image-1 attachment-medium wd-lazy-load woodmart-lazy-load wd-lazy-fade\" alt=\"\" loading=\"lazy\" title=\"xlfence_at_boerkop_1\" srcset=\"\" sizes=\"(max-width: 300px) 100vw, 300px\" data-wood-src=\"https:\/\/xlfence.com\/wp-content\/uploads\/2019\/08\/xlfence_at_boerkop_1-300x225.jpg\" data-srcset=\"https:\/\/xlfence.com\/wp-content\/uploads\/2019\/08\/xlfence_at_boerkop_1-300x225.jpg 300w, https:\/\/xlfence.com\/wp-content\/uploads\/2019\/08\/xlfence_at_boerkop_1-600x450.jpg 600w, https:\/\/xlfence.com\/wp-content\/uploads\/2019\/08\/xlfence_at_boerkop_1-768x576.jpg 768w, https:\/\/xlfence.com\/wp-content\/uploads\/2019\/08\/xlfence_at_boerkop_1-1024x768.jpg 1024w\" \/>\t\t\t\t\t\t\t\t\n\n\t\t\t\t\t\t\t\t\t\t\t\t\t\t\t<\/a>\n\t\t\t\t\t\t\t\t\t\t\t\t<\/div>\n\t\t\t\t\t\t\t\t\t\t\t<div class=\"wd-gallery-item col-lg-3 col-md-3 col-sm-4 col-6\">\n\t\t\t\t\t\t\t\t\t\t\t\t\t\t<a href=\"https:\/\/xlfence.com\/wp-content\/uploads\/2017\/06\/xlfence_at_boerkop.jpg\" data-elementor-open-lightbox=\"no\" data-index=\"2\" data-width=\"2500\" data-height=\"1875\"  >\n\t\t\t\t\t\t\t\t\n\t\t\t\t\t\t\t\t\t\t\t\t\t\t\t\t\t<img width=\"300\" height=\"225\" src=\"https:\/\/xlfence.com\/wp-content\/themes\/woodmart\/images\/lazy.png\" class=\"wd-gallery-image image-2 attachment-medium wd-lazy-load woodmart-lazy-load wd-lazy-fade\" alt=\"\" loading=\"lazy\" title=\"xlfence_at_boerkop\" srcset=\"\" sizes=\"(max-width: 300px) 100vw, 300px\" data-wood-src=\"https:\/\/xlfence.com\/wp-content\/uploads\/2017\/06\/xlfence_at_boerkop-300x225.jpg\" data-srcset=\"https:\/\/xlfence.com\/wp-content\/uploads\/2017\/06\/xlfence_at_boerkop-300x225.jpg 300w, https:\/\/xlfence.com\/wp-content\/uploads\/2017\/06\/xlfence_at_boerkop-600x450.jpg 600w, https:\/\/xlfence.com\/wp-content\/uploads\/2017\/06\/xlfence_at_boerkop-768x576.jpg 768w, https:\/\/xlfence.com\/wp-content\/uploads\/2017\/06\/xlfence_at_boerkop-1024x768.jpg 1024w\" \/>\t\t\t\t\t\t\t\t\n\n\t\t\t\t\t\t\t\t\t\t\t\t\t\t\t<\/a>\n\t\t\t\t\t\t\t\t\t\t\t\t<\/div>\n\t\t\t\t\t\t\t\t\t\t\t<div class=\"wd-gallery-item col-lg-3 col-md-3 col-sm-4 col-6\">\n\t\t\t\t\t\t\t\t\t\t\t\t\t\t<a href=\"https:\/\/xlfence.com\/wp-content\/uploads\/2019\/09\/xlfence_at_private_1.jpg\" data-elementor-open-lightbox=\"no\" data-index=\"3\" data-width=\"2500\" data-height=\"1875\"  >\n\t\t\t\t\t\t\t\t\n\t\t\t\t\t\t\t\t\t\t\t\t\t\t\t\t\t<img width=\"300\" height=\"225\" src=\"https:\/\/xlfence.com\/wp-content\/themes\/woodmart\/images\/lazy.png\" class=\"wd-gallery-image image-3 attachment-medium wd-lazy-load woodmart-lazy-load wd-lazy-fade\" alt=\"\" loading=\"lazy\" title=\"xlfence_at_private_1\" srcset=\"\" sizes=\"(max-width: 300px) 100vw, 300px\" data-wood-src=\"https:\/\/xlfence.com\/wp-content\/uploads\/2019\/09\/xlfence_at_private_1-300x225.jpg\" data-srcset=\"https:\/\/xlfence.com\/wp-content\/uploads\/2019\/09\/xlfence_at_private_1-300x225.jpg 300w, https:\/\/xlfence.com\/wp-content\/uploads\/2019\/09\/xlfence_at_private_1-600x450.jpg 600w, https:\/\/xlfence.com\/wp-content\/uploads\/2019\/09\/xlfence_at_private_1-768x576.jpg 768w, https:\/\/xlfence.com\/wp-content\/uploads\/2019\/09\/xlfence_at_private_1-1024x768.jpg 1024w\" \/>\t\t\t\t\t\t\t\t\n\n\t\t\t\t\t\t\t\t\t\t\t\t\t\t\t<\/a>\n\t\t\t\t\t\t\t\t\t\t\t\t<\/div>\n\t\t\t\t\t\t\t\t\t\t\t<div class=\"wd-gallery-item col-lg-3 col-md-3 col-sm-4 col-6\">\n\t\t\t\t\t\t\t\t\t\t\t\t\t\t<a href=\"https:\/\/xlfence.com\/wp-content\/uploads\/2019\/09\/xlfence_wpc_antracite_rene-7-1.jpg\" data-elementor-open-lightbox=\"no\" data-index=\"4\" data-width=\"2500\" data-height=\"1875\"  >\n\t\t\t\t\t\t\t\t\n\t\t\t\t\t\t\t\t\t\t\t\t\t\t\t\t\t<img width=\"300\" height=\"225\" src=\"https:\/\/xlfence.com\/wp-content\/themes\/woodmart\/images\/lazy.png\" class=\"wd-gallery-image image-4 attachment-medium wd-lazy-load woodmart-lazy-load wd-lazy-fade\" alt=\"\" loading=\"lazy\" title=\"xlfence_wpc_antracite_rene-7\" srcset=\"\" sizes=\"(max-width: 300px) 100vw, 300px\" data-wood-src=\"https:\/\/xlfence.com\/wp-content\/uploads\/2019\/09\/xlfence_wpc_antracite_rene-7-1-300x225.jpg\" data-srcset=\"https:\/\/xlfence.com\/wp-content\/uploads\/2019\/09\/xlfence_wpc_antracite_rene-7-1-300x225.jpg 300w, https:\/\/xlfence.com\/wp-content\/uploads\/2019\/09\/xlfence_wpc_antracite_rene-7-1-600x450.jpg 600w, https:\/\/xlfence.com\/wp-content\/uploads\/2019\/09\/xlfence_wpc_antracite_rene-7-1-768x576.jpg 768w, https:\/\/xlfence.com\/wp-content\/uploads\/2019\/09\/xlfence_wpc_antracite_rene-7-1-1024x768.jpg 1024w\" \/>\t\t\t\t\t\t\t\t\n\n\t\t\t\t\t\t\t\t\t\t\t\t\t\t\t<\/a>\n\t\t\t\t\t\t\t\t\t\t\t\t<\/div>\n\t\t\t\t\t\t\t\t\t\t\t\t<\/div>\n\t\t<\/div>\n\t\t\t\t[\/vc_column][\/vc_row]<\/p>\n","protected":false},"excerpt":{"rendered":"<p>[vc_row css=&#8220;.vc_custom_1558982162006{margin-bottom: 60px !important;}&#8220; mobile_bg_img_hidden=&#8220;no&#8220; tablet_bg_img_hidden=&#8220;no&#8220; woodmart_parallax=&#8220;0&#8243; woodmart_gradient_switch=&#8220;no&#8220; row_reverse_mobile=&#8220;0&#8243; row_reverse_tablet=&#8220;0&#8243; woodmart_disable_overflow=&#8220;0&#8243;][vc_column][vc_separator][vc_empty_space height=&#8220;4vh&#8220; woodmart_hide_large=&#8220;0&#8243; woodmart_hide_medium=&#8220;0&#8243; woodmart_hide_small=&#8220;0&#8243; woodmart_hide_extra_small=&#8220;0&#8243;][\/vc_column][\/vc_row][vc_row mobile_bg_img_hidden=&#8220;no&#8220; tablet_bg_img_hidden=&#8220;no&#8220; woodmart_parallax=&#8220;0&#8243; woodmart_gradient_switch=&#8220;no&#8220;<\/p>\n","protected":false},"author":1,"featured_media":0,"parent":0,"menu_order":0,"comment_status":"closed","ping_status":"closed","template":"","meta":[],"yst_prominent_words":[1142,1144,289,288,1140,1162,1138,1143,1141,291,290,1139,1145],"yoast_head":"<!-- This site is optimized with the Yoast SEO Premium plugin v14.4.1 - https:\/\/yoast.com\/wordpress\/plugins\/seo\/ -->\n<title>Bewertungen - XL Fence - Future Fencing<\/title>\n<meta name=\"robots\" content=\"index, follow\" \/>\n<meta name=\"googlebot\" content=\"index, follow, max-snippet:-1, max-image-preview:large, max-video-preview:-1\" \/>\n<meta name=\"bingbot\" content=\"index, follow, max-snippet:-1, max-image-preview:large, max-video-preview:-1\" \/>\n<link rel=\"canonical\" href=\"https:\/\/xlfence.com\/de\/bewertungen\/\" \/>\n<meta property=\"og:locale\" content=\"de_DE\" \/>\n<meta property=\"og:type\" content=\"article\" \/>\n<meta property=\"og:title\" content=\"Bewertungen - XL Fence - Future Fencing\" \/>\n<meta property=\"og:description\" content=\"[vc_row css=&#8220;.vc_custom_1558982162006{margin-bottom: 60px !important;}&#8220; mobile_bg_img_hidden=&#8220;no&#8220; tablet_bg_img_hidden=&#8220;no&#8220; woodmart_parallax=&#8220;0&#8243; woodmart_gradient_switch=&#8220;no&#8220; row_reverse_mobile=&#8220;0&#8243; row_reverse_tablet=&#8220;0&#8243; woodmart_disable_overflow=&#8220;0&#8243;][vc_column][vc_separator][vc_empty_space height=&#8220;4vh&#8220; woodmart_hide_large=&#8220;0&#8243; woodmart_hide_medium=&#8220;0&#8243; woodmart_hide_small=&#8220;0&#8243; woodmart_hide_extra_small=&#8220;0&#8243;][\/vc_column][\/vc_row][vc_row mobile_bg_img_hidden=&#8220;no&#8220; tablet_bg_img_hidden=&#8220;no&#8220; woodmart_parallax=&#8220;0&#8243; woodmart_gradient_switch=&#8220;no&#8220;\" \/>\n<meta property=\"og:url\" content=\"https:\/\/xlfence.com\/de\/bewertungen\/\" \/>\n<meta property=\"og:site_name\" content=\"XL Fence - Future Fencing\" \/>\n<meta property=\"article:modified_time\" content=\"2020-01-19T20:47:50+00:00\" \/>\n<meta name=\"twitter:card\" content=\"summary_large_image\" \/>\n<script type=\"application\/ld+json\" class=\"yoast-schema-graph\">{\"@context\":\"https:\/\/schema.org\",\"@graph\":[{\"@type\":\"WebSite\",\"@id\":\"https:\/\/xlfence.com\/de\/#website\",\"url\":\"https:\/\/xlfence.com\/de\/\",\"name\":\"XL Fence - Future Fencing\",\"description\":\"We produce fence of the future\",\"potentialAction\":[{\"@type\":\"SearchAction\",\"target\":\"https:\/\/xlfence.com\/de\/?s={search_term_string}\",\"query-input\":\"required name=search_term_string\"}],\"inLanguage\":\"de\"},{\"@type\":\"WebPage\",\"@id\":\"https:\/\/xlfence.com\/de\/bewertungen\/#webpage\",\"url\":\"https:\/\/xlfence.com\/de\/bewertungen\/\",\"name\":\"Bewertungen - XL Fence - Future Fencing\",\"isPartOf\":{\"@id\":\"https:\/\/xlfence.com\/de\/#website\"},\"datePublished\":\"2019-08-02T10:43:59+00:00\",\"dateModified\":\"2020-01-19T20:47:50+00:00\",\"breadcrumb\":{\"@id\":\"https:\/\/xlfence.com\/de\/bewertungen\/#breadcrumb\"},\"inLanguage\":\"de\",\"potentialAction\":[{\"@type\":\"ReadAction\",\"target\":[\"https:\/\/xlfence.com\/de\/bewertungen\/\"]}]},{\"@type\":\"BreadcrumbList\",\"@id\":\"https:\/\/xlfence.com\/de\/bewertungen\/#breadcrumb\",\"itemListElement\":[{\"@type\":\"ListItem\",\"position\":1,\"item\":{\"@type\":\"WebPage\",\"@id\":\"https:\/\/xlfence.com\/de\/\",\"url\":\"https:\/\/xlfence.com\/de\/\",\"name\":\"Hjem\"}},{\"@type\":\"ListItem\",\"position\":2,\"item\":{\"@type\":\"WebPage\",\"@id\":\"https:\/\/xlfence.com\/de\/bewertungen\/\",\"url\":\"https:\/\/xlfence.com\/de\/bewertungen\/\",\"name\":\"Bewertungen\"}}]}]}<\/script>\n<!-- \/ Yoast SEO Premium plugin. -->","_links":{"self":[{"href":"https:\/\/xlfence.com\/de\/wp-json\/wp\/v2\/pages\/5823"}],"collection":[{"href":"https:\/\/xlfence.com\/de\/wp-json\/wp\/v2\/pages"}],"about":[{"href":"https:\/\/xlfence.com\/de\/wp-json\/wp\/v2\/types\/page"}],"author":[{"embeddable":true,"href":"https:\/\/xlfence.com\/de\/wp-json\/wp\/v2\/users\/1"}],"replies":[{"embeddable":true,"href":"https:\/\/xlfence.com\/de\/wp-json\/wp\/v2\/comments?post=5823"}],"version-history":[{"count":0,"href":"https:\/\/xlfence.com\/de\/wp-json\/wp\/v2\/pages\/5823\/revisions"}],"wp:attachment":[{"href":"https:\/\/xlfence.com\/de\/wp-json\/wp\/v2\/media?parent=5823"}],"wp:term":[{"taxonomy":"yst_prominent_words","embeddable":true,"href":"https:\/\/xlfence.com\/de\/wp-json\/wp\/v2\/yst_prominent_words?post=5823"}],"curies":[{"name":"wp","href":"https:\/\/api.w.org\/{rel}","templated":true}]}}