{"id":5980,"date":"2017-12-14T08:55:23","date_gmt":"2019-08-03T07:34:40","guid":{"rendered":"https:\/\/xlfence.com\/produkter\/unkategorisiert\/xl-wpc-profile-blokhus\/"},"modified":"2019-12-09T18:01:33","modified_gmt":"2019-12-09T17:01:33","slug":"xl-composite-blokhus-profil","status":"publish","type":"product","link":"https:\/\/xlfence.com\/de\/produkter\/accessories-de-2\/xl-hegnsprofiler-de\/xl-composite-blokhus-profil\/","title":{"rendered":"XL FENCE WPC Z\u00c2UNPROFIL &#8222;BLOKHUS&#8220;"},"content":{"rendered":"<p>[vc_row css=&#8220;.vc_custom_1565606092643{padding-top: 2vh !important;}&#8220; mobile_bg_img_hidden=&#8220;no&#8220; tablet_bg_img_hidden=&#8220;no&#8220; woodmart_parallax=&#8220;0&#8243; woodmart_gradient_switch=&#8220;no&#8220; row_reverse_mobile=&#8220;0&#8243; row_reverse_tablet=&#8220;0&#8243; woodmart_disable_overflow=&#8220;0&#8243;][vc_column]\t\t\t<div id=\"wd-5d5872e854e89\" class=\"wd-text-block-wrapper wd-wpb wd-rs-5d5872e854e89 color-scheme-dark wd-width-100 text-left wd-off-anim wpb_animate_when_almost_visible wpb_wd-slide-from-bottom wd-slide-from-bottom wd-anim-name_wd-slide-from-bottom vc_custom_1566077685554\">\n\t\t\t\t<div class=\"woodmart-title-container woodmart-text-block reset-last-child font-primary wd-font-weight-500 \">\n\t\t\t\t\tXL FENCE WPC Z\u00c2UNPROFIL <span class=\"color-primary\">&#8222;BLOKHUS&#8220;<\/span>\t\t\t\t<\/div>\n\n\t\t\t\t\t\t\t<\/div>\n\t\t[vc_column_text text_larger=&#8220;no&#8220;]<\/p>\n<h2 style=\"text-align: left;\"><\/h2>\n<p>&nbsp;<\/p>\n<p><img loading=\"lazy\" class=\"alignright wp-image-4575 size-full\" src=\"https:\/\/xlfence.com\/wp-content\/uploads\/2017\/06\/xlwpc_blokhus_profil_500x333.png\" alt=\"\" width=\"500\" height=\"333\" srcset=\"https:\/\/xlfence.com\/wp-content\/uploads\/2017\/06\/xlwpc_blokhus_profil_500x333.png 500w, https:\/\/xlfence.com\/wp-content\/uploads\/2017\/06\/xlwpc_blokhus_profil_500x333-300x200.png 300w\" sizes=\"(max-width: 500px) 100vw, 500px\" \/>XL Composite Blockhouse Profil mit Holzoptik ist ein exklusives &amp; neu entwickeltes Produkt von XL FENCE im neuen Material Composite (Wood Plastic Composite) Wir haben das Profil mit einer Breite an der Unterseite von 43mm entworfen, die somit in die Spuren unserer Betonpfeiler passt. Das bedeutet, dass Sie jetzt einen Verbundzaun mit Betonpfeilern bekommen k\u00f6nnen, der 100 wartungsfrei ist.<\/p>\n<ul>\n<li>Beschreibung: XL Blokhus profil Composite<\/li>\n<li>Material: Composite (Wood Plastic Composite)<\/li>\n<li>Farbe: Black\/Black | Grau | braun<\/li>\n<li>Abmessungen: 43 x 165 mm<\/li>\n<li>L\u00e4nge: 189 cm<\/li>\n<li>Reifenbreite: 15,1 cm<\/li>\n<li>Gewicht: 7,5 kg<\/li>\n<li>FSC Nr. SA-COC004973<\/li>\n<li>Baumstruktur auf beiden Seiten<\/li>\n<li>CE &amp; FSC Marke<\/li>\n<li>Kratzfeste Oberfl\u00e4che<\/li>\n<li>Wartungsfrei<\/li>\n<li>Entwickelt f\u00fcr Betons\u00e4ulen<\/li>\n<\/ul>\n<p>&nbsp;<\/p>\n<p style=\"text-align: center;\">[read wpml_attr_0=&#8217;more&#8216; ]<\/p>\n<h3>XL Composite BLOCKHOUSE Profil aus schwarzem WPC Composite<img loading=\"lazy\" class=\" wp-image-6450 alignright\" src=\"https:\/\/xlfence.com\/wp-content\/uploads\/2019\/08\/P1410345-300x169.jpg\" alt=\"\" width=\"220\" height=\"124\" srcset=\"https:\/\/xlfence.com\/wp-content\/uploads\/2019\/08\/P1410345-300x169.jpg 300w, https:\/\/xlfence.com\/wp-content\/uploads\/2019\/08\/P1410345-600x338.jpg 600w, https:\/\/xlfence.com\/wp-content\/uploads\/2019\/08\/P1410345-768x432.jpg 768w, https:\/\/xlfence.com\/wp-content\/uploads\/2019\/08\/P1410345-1024x576.jpg 1024w\" sizes=\"(max-width: 220px) 100vw, 220px\" \/><\/h3>\n<p>XL Composite BLOKHUS Profil \u2013 wir haben unser eigenes XL Zaunprofil aus schwarzem WPC-Verbundwerkstoff mit sch\u00f6ner Holzstruktur entworfen, das exklusiv von Jima fence Aps ausgehandelt wird. Das XL Blokhus Profil ist mit dem Fer &amp; Not System, das es einfach macht, sie \u00fcbereinander zu stapeln, so dass das Profil ideal in kombination mit Betons\u00e4ulen &amp; Bodenplatten.<\/p>\n<p>&nbsp;<\/p>\n<hr \/>\n<h3><strong>Baumstruktur auf beiden Seiten in der Farbe schwarz, grau oder braun.<\/strong><\/h3>\n<p>Es gibt Holzstruktur auf beiden Seiten des XL BLOKHUS Profils, so gibt es keine Nachbarn, die mit einer h\u00e4sslichen und einer ordentlichen Seite betrogen werden.<\/p>\n<h4>XL-Abmessungen.<img loading=\"lazy\" class=\" wp-image-5929 alignright\" src=\"https:\/\/xlfence.com\/wp-content\/uploads\/2019\/08\/xl_blokhus_profil_3farver-300x200.png\" alt=\"\" width=\"204\" height=\"136\" srcset=\"https:\/\/xlfence.com\/wp-content\/uploads\/2019\/08\/xl_blokhus_profil_3farver-300x200.png 300w, https:\/\/xlfence.com\/wp-content\/uploads\/2019\/08\/xl_blokhus_profil_3farver-600x400.png 600w, https:\/\/xlfence.com\/wp-content\/uploads\/2019\/08\/xl_blokhus_profil_3farver-768x512.png 768w, https:\/\/xlfence.com\/wp-content\/uploads\/2019\/08\/xl_blokhus_profil_3farver-1024x683.png 1024w\" sizes=\"(max-width: 204px) 100vw, 204px\" \/><\/h4>\n<ul>\n<li>Das PROFIL XL Blokhus misst 43 x 165 mm\/189 cm.<\/li>\n<li>Das Gewicht betr\u00e4gt 3,5 kg. Per mtr. \u2013 Insgesamt 6,3 kg. Pro Profil!<\/li>\n<li>Das Reifenziel betr\u00e4gt 150 mm (15 cm), wenn der Fer\/Groove von der gesamten Profilh\u00f6he von 165 mm gezogen wird.<\/li>\n<li>Die Breite\/Dicke betr\u00e4gt 43mm an der Unterseite und 16 mm an der Spitze.<\/li>\n<li>L\u00e4nge ist 1890 mm (189 cm) \u2013 Profile k\u00f6nnen manuell angepasst werden.<\/li>\n<\/ul>\n<p>&nbsp;<\/p>\n<p><strong>tip:<\/strong><br \/>\n<em>Es gibt 10 PCs XL Blockhausprofile und 1 St\u00fcck Beton-Basisplatte (+ 30 cm) f\u00fcr eine Gesamth\u00f6he \u00fcber dem Boden von 180cm.<\/em><br \/>\n<em>zusammengesetzt. Die Deckbreite betr\u00e4gt 15 cm.<\/em><\/p>\n<hr \/>\n<h3><\/h3>\n<h3>WPC: Holz Kunststoff Composite.<img loading=\"lazy\" class=\" wp-image-6611 alignright\" src=\"https:\/\/xlfence.com\/wp-content\/uploads\/2019\/05\/Profil-4_0004_Lag-4-kopier-4-300x225.jpg\" alt=\"\" width=\"224\" height=\"168\" srcset=\"https:\/\/xlfence.com\/wp-content\/uploads\/2019\/05\/Profil-4_0004_Lag-4-kopier-4-300x225.jpg 300w, https:\/\/xlfence.com\/wp-content\/uploads\/2019\/05\/Profil-4_0004_Lag-4-kopier-4-600x450.jpg 600w, https:\/\/xlfence.com\/wp-content\/uploads\/2019\/05\/Profil-4_0004_Lag-4-kopier-4-768x576.jpg 768w, https:\/\/xlfence.com\/wp-content\/uploads\/2019\/05\/Profil-4_0004_Lag-4-kopier-4-1024x768.jpg 1024w\" sizes=\"(max-width: 224px) 100vw, 224px\" \/><\/h3>\n<p>XL Composite Blokhus Profil wird durch die neuesten Technologien sowie die besten Zutaten namens WPC = Wood Plastic Composite durchgef\u00fchrt. Das Material ist wartungsfrei und kann nicht durch Beratung, Schwamm oder Algen angegriffen werden, daher k\u00f6nnen Sie sicher sein, einen sch\u00f6nen und wartungsfreien Verbundzaun zu haben, der sehr viele Jahre halten kann. Das WPC-Profil besteht aus 60 Pappeln (Holz), 30 HDPE (Kunststoff) und 10 Zus\u00e4tzen einschlie\u00dflich Farb- und UV-Stabilisatoren zum Schutz vor Ausbleichen.<\/p>\n<p>&nbsp;<\/p>\n<hr \/>\n<h4><\/h4>\n<h4>Hohe Qualit\u00e4t mit CE-gekennzeichnet.<\/h4>\n<h4><img loading=\"lazy\" class=\" wp-image-4516 alignright\" src=\"https:\/\/xlfence.com\/wp-content\/uploads\/2019\/05\/fsclogo_3-300x109.png\" alt=\"\" width=\"162\" height=\"59\" \/><\/h4>\n<p>Das XL Blokhus Profil in WPC ist sowohl CE-gekennzeichnet als auch FSC-zertifiziertes Produkt, um sicherzustellen, dass das Produkt eine Qualit\u00e4t erf\u00fcllt, die den Verbraucher sicher in Bezug auf das Produkt macht und dass es unter angemessenen Bedingungen hergestellt wird.<\/p>\n<p>&nbsp;<\/p>\n<hr \/>\n<h4><\/h4>\n<h4>Concrete &amp; Composite ist eine brandneue &amp; einzigartige Kombination.<img loading=\"lazy\" class=\"alignright wp-image-5417 size-thumbnail\" src=\"https:\/\/xlfence.com\/wp-content\/uploads\/2017\/06\/xl-fence-wpc-concrete-denmark001-150x150.jpg\" alt=\"\" width=\"150\" height=\"150\" srcset=\"https:\/\/xlfence.com\/wp-content\/uploads\/2017\/06\/xl-fence-wpc-concrete-denmark001-150x150.jpg 150w, https:\/\/xlfence.com\/wp-content\/uploads\/2017\/06\/xl-fence-wpc-concrete-denmark001-300x300.jpg 300w, https:\/\/xlfence.com\/wp-content\/uploads\/2017\/06\/xl-fence-wpc-concrete-denmark001-100x100.jpg 100w, https:\/\/xlfence.com\/wp-content\/uploads\/2017\/06\/xl-fence-wpc-concrete-denmark001-600x600.jpg 600w\" sizes=\"(max-width: 150px) 100vw, 150px\" \/><\/h4>\n<p>Durch die Kombination von zwei wartungsfreien Materialien und die Schaffung eines brandneuen Produktes ist das XL Blokhus Profil ideal in Kombination mit Betonpfeilern, so dass ein 100 wartungsfreier Verbundzaun mit Betonpfeilern, die komplett Einzigartiger Zaun, der auf dem Markt bisher nicht zu sehen ist. Sehen Sie ggf.. Verwandte Produkte unten.<\/p>\n<p>&nbsp;<\/p>\n<hr \/>\n<h4><\/h4>\n<h4>Kratzfest<img loading=\"lazy\" class=\"wp-image-4500 size-thumbnail alignright\" src=\"https:\/\/xlfence.com\/wp-content\/uploads\/2019\/05\/baggrund_footer_xlfence-150x150.jpg\" alt=\"\" width=\"150\" height=\"150\" srcset=\"https:\/\/xlfence.com\/wp-content\/uploads\/2019\/05\/baggrund_footer_xlfence-150x150.jpg 150w, https:\/\/xlfence.com\/wp-content\/uploads\/2019\/05\/baggrund_footer_xlfence-300x300.jpg 300w, https:\/\/xlfence.com\/wp-content\/uploads\/2019\/05\/baggrund_footer_xlfence-100x100.jpg 100w\" sizes=\"(max-width: 150px) 100vw, 150px\" \/><\/h4>\n<p>Unser XL Composite Doppel-Klink-Profil ist sofort sehr &#8222;kratzfest&#8220;, was wir zu erkl\u00e4ren versuchen, dass viele andere &#8222;WPC&#8220;-Produkte auf dem Markt es nicht tolerieren k\u00f6nnen, mit nur einem Nagel konfrontiert zu werden, bei dem ungl\u00fcckliche Situationen durch das Einf\u00fcgen von Schreiben oder andere Vandalismus auf einem WPC-Zaun, k\u00f6nnen Sie nicht auf dem XL-Profil, das eine etwas gr\u00f6bere Oberfl\u00e4che hat, die es kratzfester macht, w\u00e4hrend seine Holzstruktur zu behalten.<\/p>\n<p>&nbsp;<\/p>\n<hr \/>\n<h4><\/h4>\n<h4><strong>Rauschunterdr\u00fcckung:<\/strong><\/h4>\n<p>Bis zu 10Db (ca. Halbierung des vorhandenen L\u00e4rms. Die Ger\u00e4uschmessung erfolgt durch Acoustica\/SWECO Danmark A\/S<\/p>\n<p>Download der Rauschmessung<\/p>\n<hr \/>\n<h4><strong>Wartung von WPC<img loading=\"lazy\" class=\"alignright wp-image-6773 size-thumbnail\" src=\"https:\/\/xlfence.com\/wp-content\/uploads\/2017\/06\/Kirkedal-Impraegnering-800x800-800x800-150x150.jpeg\" alt=\"\" width=\"150\" height=\"150\" srcset=\"https:\/\/xlfence.com\/wp-content\/uploads\/2017\/06\/Kirkedal-Impraegnering-800x800-800x800-150x150.jpeg 150w, https:\/\/xlfence.com\/wp-content\/uploads\/2017\/06\/Kirkedal-Impraegnering-800x800-800x800-300x300.jpeg 300w, https:\/\/xlfence.com\/wp-content\/uploads\/2017\/06\/Kirkedal-Impraegnering-800x800-800x800-100x100.jpeg 100w, https:\/\/xlfence.com\/wp-content\/uploads\/2017\/06\/Kirkedal-Impraegnering-800x800-800x800-600x600.jpeg 600w, https:\/\/xlfence.com\/wp-content\/uploads\/2017\/06\/Kirkedal-Impraegnering-800x800-800x800-768x768.jpeg 768w, https:\/\/xlfence.com\/wp-content\/uploads\/2017\/06\/Kirkedal-Impraegnering-800x800-800x800.jpeg 800w\" sizes=\"(max-width: 150px) 100vw, 150px\" \/><\/strong><\/h4>\n<p>Es kann eine Abdichtung erworben werden, die das Leuchten im WPC-Material beh\u00e4lt. Beton und Verbundwerkstoff sind zwei v\u00f6llig wartungsfreie Materialien, die in der Natur nicht so einfach sein k\u00f6nnen, was in diesem Fall viele Jahre dauern wird. Das Impregatory eignet sich auch als vorbeugendes Mittel gegen Vandalismus wie Graffiti.<\/p>\n<p>&nbsp;<\/p>\n<hr \/>\n<h3><\/h3>\n<h3><strong>Versammlung:<img loading=\"lazy\" class=\"wp-image-4395 alignright\" src=\"https:\/\/xlfence.com\/wp-content\/uploads\/2019\/05\/montering_xl_fence-300x168.jpg\" alt=\"\" width=\"189\" height=\"106\" \/><\/strong><\/h3>\n<p>Die Montage eines Zauns mit Betonpfeilern ist ganz einfach, wenn man die Betonpfeiler im Vater mit einer Schnur gesetzt hat, dann ist es einfach, ein Profil mit fer\/nicht zu einer Zeit \u00fcbereinander zu legen, bis man die Spitze erreicht. Denken Sie daran, dass wir nicht nur liefern, sondern auch Montieren Sie Ihre neue XL-Blockprofil-Verbundzaun.<\/p>\n<p>[\/read][\/vc_column_text][\/vc_column][\/vc_row][vc_row full_width=&#8220;stretch_row_content_no_spaces&#8220; css=&#8220;.vc_custom_1565598619460{margin-bottom: -2px !important;background-color: #ffffff !important;}&#8220; mobile_bg_img_hidden=&#8220;no&#8220; tablet_bg_img_hidden=&#8220;no&#8220; woodmart_parallax=&#8220;0&#8243; woodmart_gradient_switch=&#8220;no&#8220; row_reverse_mobile=&#8220;0&#8243; row_reverse_tablet=&#8220;0&#8243; woodmart_disable_overflow=&#8220;0&#8243;][vc_column]\t\t\t<div id=\"wd-5d511b30b8daa\" class=\"wd-row-divider wd-5d511b30b8daa dvr-position-bottom dvr-style-curved-line woodmart-row-divider\">\n\t\t\t\t<svg xmlns=\"http:\/\/www.w3.org\/2000\/svg\" xmlns:xlink=\"http:\/\/www.w3.org\/1999\/xlink\" x=\"0px\" y=\"0px\"\n\t viewBox=\"0 0 100 100\" width=\"100%\" height=\"50px\" preserveAspectRatio=\"none\">\n<path display=\"none\" d=\"M100,25.8V100H0V52.5c-4.9-6.8-9.5-13.8-15-19.7V101h125V20.9C106.3,22,103,23.7,100,25.8z\"\/>\n<path d=\"M100,100V0.8C77.8,21.4,71.3,70.5,38.6,70.5c-18.8,0-29.1-16.2-38.6-34V100H100z\"\/>\n<\/svg>\n\t\t\t\t\t\t\t<\/div>\n\t\t[\/vc_column][\/vc_row][vc_row full_width=&#8220;stretch_row&#8220; content_placement=&#8220;middle&#8220; row_reverse_mobile=&#8220;1&#8243; css=&#8220;.vc_custom_1565598605788{background-color: #f9f9f9 !important;}&#8220; mobile_bg_img_hidden=&#8220;no&#8220; tablet_bg_img_hidden=&#8220;no&#8220; woodmart_parallax=&#8220;0&#8243; woodmart_gradient_switch=&#8220;no&#8220; row_reverse_tablet=&#8220;0&#8243; woodmart_disable_overflow=&#8220;0&#8243;][vc_column css=&#8220;.vc_custom_1565598021226{margin-top: 4vh !important;margin-bottom: 4vh !important;padding-top: 0px !important;}&#8220; offset=&#8220;vc_col-lg-5 vc_col-md-6&#8243; mobile_bg_img_hidden=&#8220;no&#8220; tablet_bg_img_hidden=&#8220;no&#8220; woodmart_parallax=&#8220;0&#8243; woodmart_sticky_column=&#8220;false&#8220; parallax_scroll=&#8220;no&#8220; mobile_reset_margin=&#8220;no&#8220; tablet_reset_margin=&#8220;no&#8220;]\t\t\t<div id=\"wd-5d587ca9cee3c\" class=\"wd-text-block-wrapper wd-wpb wd-rs-5d587ca9cee3c color-scheme-dark wd-width-100 text-left wd-off-anim wpb_animate_when_almost_visible wpb_wd-slide-from-bottom wd-slide-from-bottom wd-anim-name_wd-slide-from-bottom vc_custom_1566080266734\">\n\t\t\t\t<div class=\"woodmart-title-container woodmart-text-block reset-last-child font-primary wd-font-weight-500 \">\n\t\t\t\t\tMehr <span class=\"color-primary\">bunte<\/span> Optionen.\t\t\t\t<\/div>\n\n\t\t\t\t\t\t\t<\/div>\n\t\t\t\t\t<div id=\"wd-5d587d2235d41\" class=\"wd-text-block-wrapper wd-wpb wd-rs-5d587d2235d41 color-scheme- wd-width-100 text-left wd-off-anim wpb_animate_when_almost_visible wpb_wd-slide-from-bottom wd-slide-from-bottom wd-anim-name_wd-slide-from-bottom \">\n\t\t\t\t<div class=\"woodmart-title-container woodmart-text-block reset-last-child font-text wd-font-weight-400 \">\n\t\t\t\t\tDas XL BLOKHUS Profil ist in drei verschiedenen Farben zu finden, die den meisten Auswahlen entsprechen, dem sch\u00f6nen und erfolgreichen Schwarz\/Anthrazit, das im dunklen Farbton in beide Richtungen gehen kann. Dar\u00fcber hinaus haben wir eine stilvolle und sch\u00f6ne graue Farbe, die zum nat\u00fcrlichen Beton passt. Der klassische Braun, der immer nach vorne sein wird, wenn es ein wenig mehr Exklusivit\u00e4t sein sollte und sch\u00f6n in eine passendere Farbe f\u00fcr die Baumstruktur des XL-Profils passen sollte.\t\t\t\t<\/div>\n\n\t\t\t\t\t\t\t<\/div>\n\t\t<div id=\"wd-5d5142101711d\" class=\" wd-rs-5d5142101711d  wd-button-wrapper woodmart-button-wrapper wd-off-anim wpb_animate_when_almost_visible wpb_wd-slide-from-bottom wd-slide-from-bottom wd-anim-name_wd-slide-from-bottom text-center inline-element\"><a  class=\"btn btn-color-primary btn-style-bordered btn-style-semi-round btn-size-default\">Reseller finden<\/a><\/div>[\/vc_column][vc_column css=&#8220;.vc_custom_1565598012309{margin-top: 4vh !important;margin-bottom: 4vh !important;padding-top: 0px !important;}&#8220; offset=&#8220;vc_col-lg-7 vc_col-md-6&#8243; mobile_bg_img_hidden=&#8220;no&#8220; tablet_bg_img_hidden=&#8220;no&#8220; woodmart_parallax=&#8220;0&#8243; woodmart_sticky_column=&#8220;false&#8220; parallax_scroll=&#8220;no&#8220; mobile_reset_margin=&#8220;no&#8220; tablet_reset_margin=&#8220;no&#8220;]\t\t<div class=\"wd-image-hotspot-wrapper hotspot-action-hover hotspot-icon-alt color-scheme-dark vc_custom_1566079382608\">\n\t\t\t<div class=\"wd-image-hotspot-hotspots\">\n\t\t\t\t<img width=\"1200\" height=\"800\" src=\"https:\/\/xlfence.com\/wp-content\/uploads\/2019\/06\/xl_wpc_blokhus_profiler_farver_sort_graa_brun_12.png\" class=\"wd-image-hotspot-img attachment-full\" alt=\"\" loading=\"lazy\" title=\"xl_wpc_blokhus_profiler_farver_sort_graa_brun_12\" srcset=\"https:\/\/xlfence.com\/wp-content\/uploads\/2019\/06\/xl_wpc_blokhus_profiler_farver_sort_graa_brun_12.png 1200w, https:\/\/xlfence.com\/wp-content\/uploads\/2019\/06\/xl_wpc_blokhus_profiler_farver_sort_graa_brun_12-600x400.png 600w, https:\/\/xlfence.com\/wp-content\/uploads\/2019\/06\/xl_wpc_blokhus_profiler_farver_sort_graa_brun_12-300x200.png 300w, https:\/\/xlfence.com\/wp-content\/uploads\/2019\/06\/xl_wpc_blokhus_profiler_farver_sort_graa_brun_12-768x512.png 768w, https:\/\/xlfence.com\/wp-content\/uploads\/2019\/06\/xl_wpc_blokhus_profiler_farver_sort_graa_brun_12-1024x683.png 1024w\" sizes=\"(max-width: 1200px) 100vw, 1200px\" \/><div class=\"wd-image-hotspot hotspot-type-text\" style=\"left: 12.856%; top: 57.732%;\"><span class=\"hotspot-sonar\"><\/span><div class=\"hotspot-btn wd-fill\"><\/div><div class=\"hotspot-text hotspot-content hotspot-dropdown-top\"><div class=\"hotspot-content-image\"><img width=\"2500\" height=\"2500\" src=\"https:\/\/xlfence.com\/wp-content\/uploads\/2017\/06\/xlwpc_blokhus_profil_wpc_graa_1.jpg\" class=\"wd-image-hotspot-img attachment-full\" alt=\"\" \/><\/div><h4 class=\"wd-entities-title\">GRAY WPC mit Baumstruktur<\/h4><\/div><\/div><div class=\"wd-image-hotspot hotspot-type-text\" style=\"left: 44.455%; top: 53.903%;\"><span class=\"hotspot-sonar\"><\/span><div class=\"hotspot-btn wd-fill\"><\/div><div class=\"hotspot-text hotspot-content hotspot-dropdown-left\"><div class=\"hotspot-content-image\"><img width=\"2500\" height=\"2500\" src=\"https:\/\/xlfence.com\/wp-content\/uploads\/2017\/06\/xlwpc_blokhus_profil_wpc_brun.jpg\" class=\"wd-image-hotspot-img attachment-full\" alt=\"\" \/><\/div><h4 class=\"wd-entities-title\">BROWN WPC mit Holzstruktur<\/h4><\/div><\/div><div class=\"wd-image-hotspot hotspot-type-text\" style=\"left: 73.896%; top: 66.716%;\"><span class=\"hotspot-sonar\"><\/span><div class=\"hotspot-btn wd-fill\"><\/div><div class=\"hotspot-text hotspot-content hotspot-dropdown-top\"><div class=\"hotspot-content-image\"><img width=\"1200\" height=\"1200\" src=\"https:\/\/xlfence.com\/wp-content\/uploads\/2017\/06\/xl_fence_blokhus_profil_black_wpc_1.png\" class=\"wd-image-hotspot-img attachment-full\" alt=\"\" \/><\/div><h4 class=\"wd-entities-title\">BLACK\/ANTHRACITE WPC mit Holzstruktur<\/h4><\/div><\/div>\t\t\t<\/div>\n\t\t<\/div>\n\t\t[\/vc_column][\/vc_row][vc_row full_width=&#8220;stretch_row_content_no_spaces&#8220; css=&#8220;.vc_custom_1565597647762{background-color: #f9f9f9 !important;}&#8220; mobile_bg_img_hidden=&#8220;no&#8220; tablet_bg_img_hidden=&#8220;no&#8220; woodmart_parallax=&#8220;0&#8243; woodmart_gradient_switch=&#8220;no&#8220; row_reverse_mobile=&#8220;0&#8243; row_reverse_tablet=&#8220;0&#8243; woodmart_disable_overflow=&#8220;0&#8243;][vc_column mobile_bg_img_hidden=&#8220;no&#8220; tablet_bg_img_hidden=&#8220;no&#8220; woodmart_parallax=&#8220;0&#8243; woodmart_sticky_column=&#8220;false&#8220; parallax_scroll=&#8220;no&#8220; mobile_reset_margin=&#8220;no&#8220; tablet_reset_margin=&#8220;no&#8220;]\t\t\t<div id=\"wd-5d514c08ab6fb\" class=\"wd-row-divider wd-5d514c08ab6fb dvr-position-bottom dvr-style-curved-line woodmart-row-divider dvr-overlap-enable\">\n\t\t\t\t<svg xmlns=\"http:\/\/www.w3.org\/2000\/svg\" xmlns:xlink=\"http:\/\/www.w3.org\/1999\/xlink\" x=\"0px\" y=\"0px\"\n\t viewBox=\"0 0 100 100\" width=\"100%\" height=\"50px\" preserveAspectRatio=\"none\">\n<path display=\"none\" d=\"M100,25.8V100H0V52.5c-4.9-6.8-9.5-13.8-15-19.7V101h125V20.9C106.3,22,103,23.7,100,25.8z\"\/>\n<path d=\"M100,100V0.8C77.8,21.4,71.3,70.5,38.6,70.5c-18.8,0-29.1-16.2-38.6-34V100H100z\"\/>\n<\/svg>\n\t\t\t\t\t\t\t<\/div>\n\t\t[\/vc_column][\/vc_row][vc_row][vc_column][vc_column_text]<\/p>\n<p>[\/vc_column_text][\/vc_column][\/vc_row]<\/p>\n","protected":false},"excerpt":{"rendered":"<p>XL Composite Blockhouse Z\u00e4un-Profil mit Holzoptik ist ein exklusives &amp; neu entwickeltes Produkt von XL FENCE im neuen Material Composite (Wood Plastic Composite)<\/p>\n","protected":false},"featured_media":5055,"template":"","meta":[],"product_cat":[386],"product_tag":[],"yst_prominent_words":[1124,763,133,128,119,846,214,856,129,120,847,215,123,130,121,848,216,855,849,1125],"yoast_head":"<!-- This site is optimized with the Yoast SEO Premium plugin v14.4.1 - https:\/\/yoast.com\/wordpress\/plugins\/seo\/ -->\n<title>XL FENCE WPC Z\u00c2UNPROFIL &quot;BLOKHUS&quot; - XL Fence - Future Fencing<\/title>\n<meta name=\"robots\" content=\"index, follow\" \/>\n<meta name=\"googlebot\" content=\"index, follow, max-snippet:-1, max-image-preview:large, max-video-preview:-1\" \/>\n<meta name=\"bingbot\" content=\"index, follow, max-snippet:-1, max-image-preview:large, max-video-preview:-1\" \/>\n<link rel=\"canonical\" href=\"https:\/\/xlfence.com\/de\/produkter\/accessories-de-2\/xl-hegnsprofiler-de\/xl-composite-blokhus-profil\/\" \/>\n<meta property=\"og:locale\" content=\"de_DE\" \/>\n<meta property=\"og:type\" content=\"article\" \/>\n<meta property=\"og:title\" content=\"XL FENCE WPC Z\u00c2UNPROFIL &quot;BLOKHUS&quot; - XL Fence - Future Fencing\" \/>\n<meta property=\"og:description\" content=\"XL Composite Blockhouse Z\u00e4un-Profil mit Holzoptik ist ein exklusives &amp; neu entwickeltes Produkt von XL FENCE im neuen Material Composite (Wood Plastic Composite)\" \/>\n<meta property=\"og:url\" content=\"https:\/\/xlfence.com\/de\/produkter\/accessories-de-2\/xl-hegnsprofiler-de\/xl-composite-blokhus-profil\/\" \/>\n<meta property=\"og:site_name\" content=\"XL Fence - Future Fencing\" \/>\n<meta property=\"article:modified_time\" content=\"2019-12-09T17:01:33+00:00\" \/>\n<meta property=\"og:image\" content=\"https:\/\/xlfence.com\/wp-content\/uploads\/2017\/06\/xl_fence_blokhus_profil_black_wpc_1.png\" \/>\n\t<meta property=\"og:image:width\" content=\"1200\" \/>\n\t<meta property=\"og:image:height\" content=\"1200\" \/>\n<meta name=\"twitter:card\" content=\"summary_large_image\" \/>\n<script type=\"application\/ld+json\" class=\"yoast-schema-graph\">{\"@context\":\"https:\/\/schema.org\",\"@graph\":[{\"@type\":\"WebSite\",\"@id\":\"https:\/\/xlfence.com\/de\/#website\",\"url\":\"https:\/\/xlfence.com\/de\/\",\"name\":\"XL Fence - Future Fencing\",\"description\":\"We produce fence of the future\",\"potentialAction\":[{\"@type\":\"SearchAction\",\"target\":\"https:\/\/xlfence.com\/de\/?s={search_term_string}\",\"query-input\":\"required name=search_term_string\"}],\"inLanguage\":\"de\"},{\"@type\":\"ImageObject\",\"@id\":\"https:\/\/xlfence.com\/de\/produkter\/accessories-de-2\/xl-hegnsprofiler-de\/xl-composite-blokhus-profil\/#primaryimage\",\"inLanguage\":\"de\",\"url\":\"https:\/\/xlfence.com\/wp-content\/uploads\/2017\/06\/xl_fence_blokhus_profil_black_wpc_1.png\",\"width\":1200,\"height\":1200},{\"@type\":\"WebPage\",\"@id\":\"https:\/\/xlfence.com\/de\/produkter\/accessories-de-2\/xl-hegnsprofiler-de\/xl-composite-blokhus-profil\/#webpage\",\"url\":\"https:\/\/xlfence.com\/de\/produkter\/accessories-de-2\/xl-hegnsprofiler-de\/xl-composite-blokhus-profil\/\",\"name\":\"XL FENCE WPC Z\\u00c2UNPROFIL \\\"BLOKHUS\\\" - XL Fence - Future Fencing\",\"isPartOf\":{\"@id\":\"https:\/\/xlfence.com\/de\/#website\"},\"primaryImageOfPage\":{\"@id\":\"https:\/\/xlfence.com\/de\/produkter\/accessories-de-2\/xl-hegnsprofiler-de\/xl-composite-blokhus-profil\/#primaryimage\"},\"datePublished\":\"2019-08-03T07:34:40+00:00\",\"dateModified\":\"2019-12-09T17:01:33+00:00\",\"breadcrumb\":{\"@id\":\"https:\/\/xlfence.com\/de\/produkter\/accessories-de-2\/xl-hegnsprofiler-de\/xl-composite-blokhus-profil\/#breadcrumb\"},\"inLanguage\":\"de\",\"potentialAction\":[{\"@type\":\"ReadAction\",\"target\":[\"https:\/\/xlfence.com\/de\/produkter\/accessories-de-2\/xl-hegnsprofiler-de\/xl-composite-blokhus-profil\/\"]}]},{\"@type\":\"BreadcrumbList\",\"@id\":\"https:\/\/xlfence.com\/de\/produkter\/accessories-de-2\/xl-hegnsprofiler-de\/xl-composite-blokhus-profil\/#breadcrumb\",\"itemListElement\":[{\"@type\":\"ListItem\",\"position\":1,\"item\":{\"@type\":\"WebPage\",\"@id\":\"https:\/\/xlfence.com\/de\/\",\"url\":\"https:\/\/xlfence.com\/de\/\",\"name\":\"Hjem\"}},{\"@type\":\"ListItem\",\"position\":2,\"item\":{\"@type\":\"WebPage\",\"@id\":\"https:\/\/xlfence.com\/de\/shop\/\",\"url\":\"https:\/\/xlfence.com\/de\/shop\/\",\"name\":\"Produkte\"}},{\"@type\":\"ListItem\",\"position\":3,\"item\":{\"@type\":\"WebPage\",\"@id\":\"https:\/\/xlfence.com\/de\/produkter\/accessories-de-2\/xl-hegnsprofiler-de\/xl-composite-blokhus-profil\/\",\"url\":\"https:\/\/xlfence.com\/de\/produkter\/accessories-de-2\/xl-hegnsprofiler-de\/xl-composite-blokhus-profil\/\",\"name\":\"XL FENCE WPC Z\\u00c2UNPROFIL &#8220;BLOKHUS&#8221;\"}}]}]}<\/script>\n<!-- \/ Yoast SEO Premium plugin. -->","_links":{"self":[{"href":"https:\/\/xlfence.com\/de\/wp-json\/wp\/v2\/product\/5980"}],"collection":[{"href":"https:\/\/xlfence.com\/de\/wp-json\/wp\/v2\/product"}],"about":[{"href":"https:\/\/xlfence.com\/de\/wp-json\/wp\/v2\/types\/product"}],"wp:featuredmedia":[{"embeddable":true,"href":"https:\/\/xlfence.com\/de\/wp-json\/wp\/v2\/media\/5055"}],"wp:attachment":[{"href":"https:\/\/xlfence.com\/de\/wp-json\/wp\/v2\/media?parent=5980"}],"wp:term":[{"taxonomy":"product_cat","embeddable":true,"href":"https:\/\/xlfence.com\/de\/wp-json\/wp\/v2\/product_cat?post=5980"},{"taxonomy":"product_tag","embeddable":true,"href":"https:\/\/xlfence.com\/de\/wp-json\/wp\/v2\/product_tag?post=5980"},{"taxonomy":"yst_prominent_words","embeddable":true,"href":"https:\/\/xlfence.com\/de\/wp-json\/wp\/v2\/yst_prominent_words?post=5980"}],"curies":[{"name":"wp","href":"https:\/\/api.w.org\/{rel}","templated":true}]}}