{"id":6065,"date":"2019-06-02T10:21:52","date_gmt":"2019-08-03T08:08:45","guid":{"rendered":"https:\/\/xlfence.com\/produkter\/unkategorisiert\/xl-fence-double-klink-profile-wpc-black-antracite\/"},"modified":"2020-05-19T12:01:38","modified_gmt":"2020-05-19T10:01:38","slug":"xl-zaun-doppel-klink-profil-wpc-black-antrazit","status":"publish","type":"product","link":"https:\/\/xlfence.com\/de\/produkter\/accessories-de-2\/xl-hegnsprofiler-de\/xl-zaun-doppel-klink-profil-wpc-black-antrazit\/","title":{"rendered":"XL WPC FENCE PROFILE DOUBLE LINK"},"content":{"rendered":"<p>[vc_row css=&#8220;.vc_custom_1565606092643{padding-top: 2vh !important;}&#8220; mobile_bg_img_hidden=&#8220;no&#8220; tablet_bg_img_hidden=&#8220;no&#8220; woodmart_parallax=&#8220;0&#8243; woodmart_gradient_switch=&#8220;no&#8220; row_reverse_mobile=&#8220;0&#8243; row_reverse_tablet=&#8220;0&#8243; woodmart_disable_overflow=&#8220;0&#8243;][vc_column]\t\t\t<div id=\"wd-5ebe3b37443a2\" class=\"wd-text-block-wrapper wd-wpb wd-rs-5ebe3b37443a2 color-scheme-dark wd-width-100 text-left wd-off-anim wpb_animate_when_almost_visible wpb_wd-slide-from-bottom wd-slide-from-bottom wd-anim-name_wd-slide-from-bottom vc_custom_1589525310191\">\n\t\t\t\t<div class=\"woodmart-title-container woodmart-text-block reset-last-child font-primary wd-font-weight-500 \">\n\t\t\t\t\tXL<span class=\"color-primary\"> <\/span>FENCE WPC FENCE PROFILE <span class=\"color-primary\">DOUBLEKLINK<\/span>\t\t\t\t<\/div>\n\n\t\t\t\t\t\t\t<\/div>\n\t\t[vc_column_text text_larger=&#8220;no&#8220;]<\/p>\n<h2 style=\"text-align: left;\"><\/h2>\n<p><img loading=\"lazy\" class=\"alignright wp-image-5002\" src=\"https:\/\/xlfence.com\/wp-content\/uploads\/2019\/06\/XL_dobbeltklink_wpc_black-300x300.png\" alt=\"\" width=\"500\" height=\"500\" srcset=\"https:\/\/xlfence.com\/wp-content\/uploads\/2019\/06\/XL_dobbeltklink_wpc_black-300x300.png 300w, https:\/\/xlfence.com\/wp-content\/uploads\/2019\/06\/XL_dobbeltklink_wpc_black-100x100.png 100w, https:\/\/xlfence.com\/wp-content\/uploads\/2019\/06\/XL_dobbeltklink_wpc_black-600x600.png 600w, https:\/\/xlfence.com\/wp-content\/uploads\/2019\/06\/XL_dobbeltklink_wpc_black-150x150.png 150w, https:\/\/xlfence.com\/wp-content\/uploads\/2019\/06\/XL_dobbeltklink_wpc_black-768x768.png 768w, https:\/\/xlfence.com\/wp-content\/uploads\/2019\/06\/XL_dobbeltklink_wpc_black-1024x1024.png 1024w, https:\/\/xlfence.com\/wp-content\/uploads\/2019\/06\/XL_dobbeltklink_wpc_black.png 1200w\" sizes=\"(max-width: 500px) 100vw, 500px\" \/>XL Composite Doppelklinkerprofil mit Holzstruktur ist ein exklusives &amp; neu entwickeltes Produkt von XL FENCE im neuen Material Composite (Wood Plastic Composite) Wir haben das Profil mit einer Breite an der Unterseite von 43mm entworfen, die somit in die Spuren unserer Betonpfosten passt. Das bedeutet, dass Sie jetzt einen Verbundzaun mit Betonpfeilern bekommen k\u00f6nnen, der 100 wartungsfrei ist.<\/p>\n<ul>\n<li>Beschreibung: XL Double Clink Profile Composite<\/li>\n<li>Material: Composite (Wood Plastic Composite)<\/li>\n<li>Farbe: Black\/Black | Grau | braun<\/li>\n<li>Abmessungen: 43 x 165 mm<\/li>\n<li>L\u00e4nge: 189 cm<\/li>\n<li>Reifenbreite: 15,1 cm<\/li>\n<li>Gewicht: 7,5 kg<\/li>\n<li>FSC Nr. SA-COC004973<\/li>\n<li>Baumstruktur auf beiden Seiten<\/li>\n<li>CE &amp; FSC Marke<\/li>\n<li>Kratzfeste Oberfl\u00e4che<\/li>\n<li>Wartungsfrei<\/li>\n<li>Entwickelt f\u00fcr Betons\u00e4ulen<\/li>\n<\/ul>\n<h3>XL Composite DOUBLEKLINK Zaunprofil aus schwarzem WPC-Verbundwerkstoff<img loading=\"lazy\" class=\"wp-image-7166 size-medium alignright\" src=\"https:\/\/xlfence.com\/wp-content\/uploads\/2019\/09\/xlfence_doubleclinker1-4-300x225.jpg\" alt=\"\" width=\"300\" height=\"225\" srcset=\"https:\/\/xlfence.com\/wp-content\/uploads\/2019\/09\/xlfence_doubleclinker1-4-300x225.jpg 300w, https:\/\/xlfence.com\/wp-content\/uploads\/2019\/09\/xlfence_doubleclinker1-4-600x450.jpg 600w, https:\/\/xlfence.com\/wp-content\/uploads\/2019\/09\/xlfence_doubleclinker1-4-768x576.jpg 768w, https:\/\/xlfence.com\/wp-content\/uploads\/2019\/09\/xlfence_doubleclinker1-4-1024x768.jpg 1024w\" sizes=\"(max-width: 300px) 100vw, 300px\" \/><\/h3>\n<p>XL Composite DOUBLEKLINK Profil \u2013 Wir haben unser eigenes XL Zaunprofil aus schwarzem WPC-Verbundwerkstoff mit sch\u00f6ner Holzstruktur entworfen. Das XL-Doppel-Link-Profil ist mit fer &amp; not System, das es einfach macht, sie \u00fcbereinander zu stapeln, was das Profil ideal in Kombination mit Betonpfosten &amp; Bodenplatten macht.<\/p>\n<hr>\n<h3><strong>Baumstruktur auf beiden Seiten in der Farbe schwarz, grau oder braun.<\/strong><\/h3>\n<p>Es gibt eine Holzstruktur auf beiden Seiten des XL DOUBLEKLINK Profils, so dass es keine Nachbarn gibt, die mit einer b\u00f6sen und einer ordentlichen Seite betrogen werden.<\/p>\n<h4>XL-Abmessungen.<\/h4>\n<ul>\n<li>Das PROFIL XL DOUBLEKLINK misst 43 x 165 mm \/ 189 cm.<\/li>\n<li>Das Gewicht betr\u00e4gt 3,5 kg. Per mtr. \u2013 Insgesamt 6,3 kg. Pro Profil!<\/li>\n<li>Das Reifenziel betr\u00e4gt 150 mm (15 cm), wenn der Fer\/Groove von der gesamten Profilh\u00f6he von 165 mm gezogen wird.<\/li>\n<li>Die Breite\/Dicke betr\u00e4gt 43mm an der Unterseite und 16 mm an der Spitze.<\/li>\n<li>L\u00e4nge ist 1890 mm (189 cm) \u2013 Profile k\u00f6nnen manuell angepasst werden.<\/li>\n<\/ul>\n<p><strong>tip:<\/strong><br \/>\n<em>Es gibt 10 XL DOUBLEKLINK Profile und 1 Beton-Basisplatte (+30 cm) f\u00fcr eine Gesamth\u00f6he \u00fcber dem Boden von 180cm.<\/em><br \/>\n<em>zusammengesetzt. Die Deckbreite betr\u00e4gt 15 cm.<\/em><\/p>\n<hr>\n<h3><\/h3>\n<h3>WPC: Holz Kunststoff Composite.<\/h3>\n<p>XL Composite Doppelklinkprofil wird aus den neuesten Technologien sowie den besten Inhaltsstoffen namens WPC = Wood Plastic Composite hergestellt. Das Material ist wartungsfrei und kann nicht durch Beratung, Schwamm oder Algen angegriffen werden, daher k\u00f6nnen Sie sicher sein, einen sch\u00f6nen und wartungsfreien Verbundzaun zu haben, der sehr viele Jahre halten kann. Das WPC-Profil besteht aus 60 Pappeln (Holz), 30 HDPE (Kunststoff) und 10 Zus\u00e4tzen einschlie\u00dflich Farb- und UV-Stabilisatoren zum Schutz vor Ausbleichen.<\/p>\n<hr>\n<h4><\/h4>\n<h4>Hohe Qualit\u00e4t mit CE-gekennzeichnet.<\/h4>\n<h4><img loading=\"lazy\" class=\" wp-image-4516 alignright\" src=\"https:\/\/xlfence.com\/wp-content\/uploads\/2019\/05\/fsclogo_3-300x109.png\" alt=\"\" width=\"162\" height=\"59\"><\/h4>\n<p>Das XL Double Link Profil in WPC ist sowohl CE-gekennzeichnet als auch FSC-zertifiziertes Produkt, um sicherzustellen, dass das Produkt einer Qualit\u00e4t entspricht, die es dem Verbraucher erm\u00f6glicht, sich mit dem Produkt wohl zu f\u00fchlen und dass es unter angemessenen Bedingungen hergestellt wird.<\/p>\n<hr>\n<h4><\/h4>\n<h4>Concrete &amp; Composite ist eine brandneue &amp; einzigartige Kombination.<\/h4>\n<p>Wir haben zwei wartungsfreie Materialien kombiniert und damit ein v\u00f6llig neues Produkt geschaffen \u2013 deshalb wird das XL DoubleLink Profil ideal mit Betonpfosten kombiniert und so ein 100 wartungsfreier Verbundzaun mit Betonpfosten geschaffen, die bisher nicht auf dem Markt zu sehen sind. Sehen Sie ggf.. Verwandte Produkte unten.<\/p>\n<hr>\n<h4><\/h4>\n<h4>Kratzfest<\/h4>\n<p>Unser XL Composite Double Clink Profil ist sofort sehr &#8222;kratzfest&#8220;, was wir versuchen, mit der Tatsache zu erkl\u00e4ren, dass viele andere &#8222;WPC&#8220; Produkte auf dem Markt nicht tolerieren k\u00f6nnen, nur mit einem Nagel konfrontiert zu werden, die ungl\u00fcckliche Situationen mit dem Bruch des Schreibens oder anderen Vandalismus auf einem WPC Zaun verursachen kann, k\u00f6nnen Sie nicht auf dem XL-Profil, das eine etwas gr\u00f6bere Oberfl\u00e4che hat, die es kratzfester macht, w\u00e4hrend seine Holzstruktur zu behalten.<\/p>\n<hr>\n<h4><\/h4>\n<h4><strong>Rauschunterdr\u00fcckung:<\/strong><\/h4>\n<p>Bis zu 10Db (ca. Halbierung des vorhandenen L\u00e4rms. Die Ger\u00e4uschmessung erfolgt durch Acoustica\/SWECO Danmark A\/S<\/p>\n<p>Download der Rauschmessung<\/p>\n<hr>\n<h4><strong>Wartung von WPC<img loading=\"lazy\" class=\"alignright wp-image-6773 size-thumbnail\" src=\"https:\/\/xlfence.com\/wp-content\/uploads\/2017\/06\/Kirkedal-Impraegnering-800x800-800x800-150x150.jpeg\" alt=\"\" width=\"150\" height=\"150\" srcset=\"https:\/\/xlfence.com\/wp-content\/uploads\/2017\/06\/Kirkedal-Impraegnering-800x800-800x800-150x150.jpeg 150w, https:\/\/xlfence.com\/wp-content\/uploads\/2017\/06\/Kirkedal-Impraegnering-800x800-800x800-300x300.jpeg 300w, https:\/\/xlfence.com\/wp-content\/uploads\/2017\/06\/Kirkedal-Impraegnering-800x800-800x800-100x100.jpeg 100w, https:\/\/xlfence.com\/wp-content\/uploads\/2017\/06\/Kirkedal-Impraegnering-800x800-800x800-600x600.jpeg 600w, https:\/\/xlfence.com\/wp-content\/uploads\/2017\/06\/Kirkedal-Impraegnering-800x800-800x800-768x768.jpeg 768w, https:\/\/xlfence.com\/wp-content\/uploads\/2017\/06\/Kirkedal-Impraegnering-800x800-800x800.jpeg 800w\" sizes=\"(max-width: 150px) 100vw, 150px\" \/><\/strong><\/h4>\n<p>Es kann eine Abdichtung erworben werden, die das Leuchten im WPC-Material beh\u00e4lt. Beton und Verbundwerkstoff sind zwei v\u00f6llig wartungsfreie Materialien, die in der Natur nicht so einfach sein k\u00f6nnen, was in diesem Fall viele Jahre dauern wird. Das Impregatory eignet sich auch als vorbeugendes Mittel gegen Vandalismus wie Graffiti.<\/p>\n<hr>\n<h3><\/h3>\n<h3><strong>Versammlung:<img loading=\"lazy\" class=\"wp-image-4395 alignright\" src=\"https:\/\/xlfence.com\/wp-content\/uploads\/2019\/05\/montering_xl_fence-300x168.jpg\" alt=\"\" width=\"189\" height=\"106\"><\/strong><\/h3>\n<p>Die Montage eines Zauns mit Betonpfeilern ist ganz einfach, wenn man die Betonpfeiler im Vater mit einer Schnur gesetzt hat, dann ist es einfach, ein Profil mit fer\/nicht zu einer Zeit \u00fcbereinander zu legen, bis man die Spitze erreicht. Denken Sie daran, dass wir nicht nur liefern, sondern auch Montieren Sie Ihre neue XL Dual-Klink-Verbundzaun.[\/vc_column_text][\/vc_column][\/vc_row][vc_row full_width=&#8220;stretch_row_content_no_spaces&#8220; css=&#8220;.vc_custom_1565598619460{margin-bottom: -2px !important;background-color: #ffffff !important;}&#8220; mobile_bg_img_hidden=&#8220;no&#8220; tablet_bg_img_hidden=&#8220;no&#8220; woodmart_parallax=&#8220;0&#8243; woodmart_gradient_switch=&#8220;no&#8220; row_reverse_mobile=&#8220;0&#8243; row_reverse_tablet=&#8220;0&#8243; woodmart_disable_overflow=&#8220;0&#8243;][vc_column]\t\t\t<div id=\"wd-5d511b30b8daa\" class=\"wd-row-divider wd-5d511b30b8daa dvr-position-bottom dvr-style-curved-line woodmart-row-divider\">\n\t\t\t\t<svg xmlns=\"http:\/\/www.w3.org\/2000\/svg\" xmlns:xlink=\"http:\/\/www.w3.org\/1999\/xlink\" x=\"0px\" y=\"0px\"\n\t viewBox=\"0 0 100 100\" width=\"100%\" height=\"50px\" preserveAspectRatio=\"none\">\n<path display=\"none\" d=\"M100,25.8V100H0V52.5c-4.9-6.8-9.5-13.8-15-19.7V101h125V20.9C106.3,22,103,23.7,100,25.8z\"\/>\n<path d=\"M100,100V0.8C77.8,21.4,71.3,70.5,38.6,70.5c-18.8,0-29.1-16.2-38.6-34V100H100z\"\/>\n<\/svg>\n\t\t\t\t\t\t\t<\/div>\n\t\t[\/vc_column][\/vc_row][vc_row full_width=&#8220;stretch_row&#8220; content_placement=&#8220;middle&#8220; row_reverse_mobile=&#8220;1&#8243; css=&#8220;.vc_custom_1565598605788{background-color: #f9f9f9 !important;}&#8220; mobile_bg_img_hidden=&#8220;no&#8220; tablet_bg_img_hidden=&#8220;no&#8220; woodmart_parallax=&#8220;0&#8243; woodmart_gradient_switch=&#8220;no&#8220; row_reverse_tablet=&#8220;0&#8243; woodmart_disable_overflow=&#8220;0&#8243;][vc_column css=&#8220;.vc_custom_1565598021226{margin-top: 4vh !important;margin-bottom: 4vh !important;padding-top: 0px !important;}&#8220; offset=&#8220;vc_col-lg-5 vc_col-md-6&#8243; mobile_bg_img_hidden=&#8220;no&#8220; tablet_bg_img_hidden=&#8220;no&#8220; woodmart_parallax=&#8220;0&#8243; woodmart_sticky_column=&#8220;false&#8220; parallax_scroll=&#8220;no&#8220; mobile_reset_margin=&#8220;no&#8220; tablet_reset_margin=&#8220;no&#8220;]\t\t\t<div id=\"wd-5d587ca9cee3c\" class=\"wd-text-block-wrapper wd-wpb wd-rs-5d587ca9cee3c color-scheme-dark wd-width-100 text-left wd-off-anim wpb_animate_when_almost_visible wpb_wd-slide-from-bottom wd-slide-from-bottom wd-anim-name_wd-slide-from-bottom vc_custom_1566080266734\">\n\t\t\t\t<div class=\"woodmart-title-container woodmart-text-block reset-last-child font-primary wd-font-weight-500 \">\n\t\t\t\t\tMehr <span class=\"color-primary\">bunte<\/span> Optionen.\t\t\t\t<\/div>\n\n\t\t\t\t\t\t\t<\/div>\n\t\t\t\t\t<div id=\"wd-5ebe38dd2329e\" class=\"wd-text-block-wrapper wd-wpb wd-rs-5ebe38dd2329e color-scheme- wd-width-100 text-left wd-off-anim wpb_animate_when_almost_visible wpb_wd-slide-from-bottom wd-slide-from-bottom wd-anim-name_wd-slide-from-bottom \">\n\t\t\t\t<div class=\"woodmart-title-container woodmart-text-block reset-last-child font-text wd-font-weight-400 \">\n\t\t\t\t\tDas XL DOUBLEKLINK Profil ist serienm\u00e4\u00dfig in drei verschiedenen Farben erh\u00e4ltlich, die den meisten Wahlm\u00f6glichkeiten entsprechen, dem sch\u00f6nen und erfolgreichen Schwarz\/Anthrazit, das in beide Richtungen im dunklen Farbton gehen kann. Dar\u00fcber hinaus haben wir eine stilvolle und sch\u00f6ne graue Farbe, die zum nat\u00fcrlichen Beton passt. Der klassische Braun, der immer nach vorne sein wird, wenn es ein wenig mehr Exklusivit\u00e4t sein sollte und sch\u00f6n in eine passendere Farbe f\u00fcr die Baumstruktur des XL-Profils passen sollte.\t\t\t\t<\/div>\n\n\t\t\t\t\t\t\t<\/div>\n\t\t<div id=\"wd-5d5142101711d\" class=\" wd-rs-5d5142101711d  wd-button-wrapper woodmart-button-wrapper wd-off-anim wpb_animate_when_almost_visible wpb_wd-slide-from-bottom wd-slide-from-bottom wd-anim-name_wd-slide-from-bottom text-center inline-element\"><a href=\"https:\/\/xlfence.com\/de\/reseller-finden\/\" title=\"Reseller finden\" class=\"btn btn-color-primary btn-style-bordered btn-style-semi-round btn-size-default\">Reseller finden<\/a><\/div>[\/vc_column][vc_column css=&#8220;.vc_custom_1565598012309{margin-top: 4vh !important;margin-bottom: 4vh !important;padding-top: 0px !important;}&#8220; offset=&#8220;vc_col-lg-7 vc_col-md-6&#8243; mobile_bg_img_hidden=&#8220;no&#8220; tablet_bg_img_hidden=&#8220;no&#8220; woodmart_parallax=&#8220;0&#8243; woodmart_sticky_column=&#8220;false&#8220; parallax_scroll=&#8220;no&#8220; mobile_reset_margin=&#8220;no&#8220; tablet_reset_margin=&#8220;no&#8220;]\t\t<div class=\"wd-image-hotspot-wrapper hotspot-action-hover hotspot-icon-alt color-scheme-dark vc_custom_1589524660243\">\n\t\t\t<div class=\"wd-image-hotspot-hotspots\">\n\t\t\t\t<img width=\"1024\" height=\"400\" src=\"https:\/\/xlfence.com\/wp-content\/uploads\/2017\/06\/baggrund_komposit_xl.png\" class=\"wd-image-hotspot-img attachment-full\" alt=\"\" loading=\"lazy\" title=\"baggrund_komposit_xl\" srcset=\"https:\/\/xlfence.com\/wp-content\/uploads\/2017\/06\/baggrund_komposit_xl.png 1024w, https:\/\/xlfence.com\/wp-content\/uploads\/2017\/06\/baggrund_komposit_xl-600x234.png 600w, https:\/\/xlfence.com\/wp-content\/uploads\/2017\/06\/baggrund_komposit_xl-300x117.png 300w, https:\/\/xlfence.com\/wp-content\/uploads\/2017\/06\/baggrund_komposit_xl-768x300.png 768w\" sizes=\"(max-width: 1024px) 100vw, 1024px\" \/><div class=\"wd-image-hotspot hotspot-type-text\" style=\"left: 33.857%; top: 37.477%;\"><span class=\"hotspot-sonar\"><\/span><div class=\"hotspot-btn wd-fill\"><\/div><div class=\"hotspot-text hotspot-content hotspot-dropdown-left\"><div class=\"hotspot-content-image\"><img width=\"600\" height=\"450\" src=\"https:\/\/xlfence.com\/wp-content\/uploads\/2019\/06\/xl_dobbeltklink_profil005.jpg\" class=\"wd-image-hotspot-img attachment-full\" alt=\"\" \/><\/div><h4 class=\"wd-entities-title\">Loch im Inneren<\/h4><\/div><\/div><div class=\"wd-image-hotspot hotspot-type-text\" style=\"left: 37.143%; top: 78.062%;\"><span class=\"hotspot-sonar\"><\/span><div class=\"hotspot-btn wd-fill\"><\/div><div class=\"hotspot-text hotspot-content hotspot-dropdown-left\"><div class=\"hotspot-content-image\"><img width=\"2000\" height=\"1157\" src=\"https:\/\/xlfence.com\/wp-content\/uploads\/2019\/05\/xlhegn_laager_1.jpg\" class=\"wd-image-hotspot-img attachment-full\" alt=\"\" \/><\/div><h4 class=\"wd-entities-title\">Oberfl\u00e4che mit Holzkonstruktion<\/h4><\/div><\/div><div class=\"wd-image-hotspot hotspot-type-text\" style=\"left: 73.896%; top: 66.716%;\"><span class=\"hotspot-sonar\"><\/span><div class=\"hotspot-btn wd-fill\"><\/div><div class=\"hotspot-text hotspot-content hotspot-dropdown-top\"><div class=\"hotspot-content-image\"><img width=\"1200\" height=\"1200\" src=\"https:\/\/xlfence.com\/wp-content\/uploads\/2019\/06\/XL_dobbeltklink_wpc_black.png\" class=\"wd-image-hotspot-img attachment-full\" alt=\"\" \/><\/div><h4 class=\"wd-entities-title\">BLACK\/ANTRACIT WPC \/ Composite<\/h4><\/div><\/div><br \/>\n            <br \/>\n            <br \/>\n            <br \/>\n          \t\t\t<\/div>\n\t\t<\/div>\n\t\t[\/vc_column][\/vc_row][vc_row full_width=&#8220;stretch_row_content_no_spaces&#8220; css=&#8220;.vc_custom_1565597647762{background-color: #f9f9f9 !important;}&#8220; mobile_bg_img_hidden=&#8220;no&#8220; tablet_bg_img_hidden=&#8220;no&#8220; woodmart_parallax=&#8220;0&#8243; woodmart_gradient_switch=&#8220;no&#8220; row_reverse_mobile=&#8220;0&#8243; row_reverse_tablet=&#8220;0&#8243; woodmart_disable_overflow=&#8220;0&#8243;][vc_column mobile_bg_img_hidden=&#8220;no&#8220; tablet_bg_img_hidden=&#8220;no&#8220; woodmart_parallax=&#8220;0&#8243; woodmart_sticky_column=&#8220;false&#8220; parallax_scroll=&#8220;no&#8220; mobile_reset_margin=&#8220;no&#8220; tablet_reset_margin=&#8220;no&#8220;]\t\t\t<div id=\"wd-5d514c08ab6fb\" class=\"wd-row-divider wd-5d514c08ab6fb dvr-position-bottom dvr-style-curved-line woodmart-row-divider dvr-overlap-enable\">\n\t\t\t\t<svg xmlns=\"http:\/\/www.w3.org\/2000\/svg\" xmlns:xlink=\"http:\/\/www.w3.org\/1999\/xlink\" x=\"0px\" y=\"0px\"\n\t viewBox=\"0 0 100 100\" width=\"100%\" height=\"50px\" preserveAspectRatio=\"none\">\n<path display=\"none\" d=\"M100,25.8V100H0V52.5c-4.9-6.8-9.5-13.8-15-19.7V101h125V20.9C106.3,22,103,23.7,100,25.8z\"\/>\n<path d=\"M100,100V0.8C77.8,21.4,71.3,70.5,38.6,70.5c-18.8,0-29.1-16.2-38.6-34V100H100z\"\/>\n<\/svg>\n\t\t\t\t\t\t\t<\/div>\n\t\t[\/vc_column][\/vc_row][vc_row][vc_column][vc_column_text]<\/p>\n<p>[\/vc_column_text][\/vc_column][\/vc_row]<\/p>\n","protected":false},"excerpt":{"rendered":"<p>XL WPC Doppelklinkerprofil mit Holzstruktur ist ein exklusives &amp; neu entwickeltes Produkt von XL FENCE im neuen Material WPC\/Composite (Wood Plastic Composite)<\/p>\n","protected":false},"featured_media":5004,"template":"","meta":[],"product_cat":[386],"product_tag":[],"yst_prominent_words":[133,128,119,846,214,129,120,847,215,1004,123,130,121,848,216,855,849,1222,1221,1220],"yoast_head":"<!-- This site is optimized with the Yoast SEO Premium plugin v14.4.1 - https:\/\/yoast.com\/wordpress\/plugins\/seo\/ -->\n<title>XL WPC FENCE PROFILE DOUBLE LINK - XL Fence - Future Fencing<\/title>\n<meta name=\"robots\" content=\"index, follow\" \/>\n<meta name=\"googlebot\" content=\"index, follow, max-snippet:-1, max-image-preview:large, max-video-preview:-1\" \/>\n<meta name=\"bingbot\" content=\"index, follow, max-snippet:-1, max-image-preview:large, max-video-preview:-1\" \/>\n<link rel=\"canonical\" href=\"https:\/\/xlfence.com\/de\/produkter\/accessories-de-2\/xl-hegnsprofiler-de\/xl-zaun-doppel-klink-profil-wpc-black-antrazit\/\" \/>\n<meta property=\"og:locale\" content=\"de_DE\" \/>\n<meta property=\"og:type\" content=\"article\" \/>\n<meta property=\"og:title\" content=\"XL WPC FENCE PROFILE DOUBLE LINK - XL Fence - Future Fencing\" \/>\n<meta property=\"og:description\" content=\"XL WPC Doppelklinkerprofil mit Holzstruktur ist ein exklusives &amp; neu entwickeltes Produkt von XL FENCE im neuen Material WPC\/Composite (Wood Plastic Composite)\" \/>\n<meta property=\"og:url\" content=\"https:\/\/xlfence.com\/de\/produkter\/accessories-de-2\/xl-hegnsprofiler-de\/xl-zaun-doppel-klink-profil-wpc-black-antrazit\/\" \/>\n<meta property=\"og:site_name\" content=\"XL Fence - Future Fencing\" \/>\n<meta property=\"article:modified_time\" content=\"2020-05-19T10:01:38+00:00\" \/>\n<meta property=\"og:image\" content=\"https:\/\/xlfence.com\/wp-content\/uploads\/2019\/06\/XL_dobbeltklink_wpc_black.png\" \/>\n\t<meta property=\"og:image:width\" content=\"1200\" \/>\n\t<meta property=\"og:image:height\" content=\"1200\" \/>\n<meta name=\"twitter:card\" content=\"summary_large_image\" \/>\n<script type=\"application\/ld+json\" class=\"yoast-schema-graph\">{\"@context\":\"https:\/\/schema.org\",\"@graph\":[{\"@type\":\"WebSite\",\"@id\":\"https:\/\/xlfence.com\/de\/#website\",\"url\":\"https:\/\/xlfence.com\/de\/\",\"name\":\"XL Fence - Future Fencing\",\"description\":\"We produce fence of the future\",\"potentialAction\":[{\"@type\":\"SearchAction\",\"target\":\"https:\/\/xlfence.com\/de\/?s={search_term_string}\",\"query-input\":\"required name=search_term_string\"}],\"inLanguage\":\"de\"},{\"@type\":\"ImageObject\",\"@id\":\"https:\/\/xlfence.com\/de\/produkter\/accessories-de-2\/xl-hegnsprofiler-de\/xl-zaun-doppel-klink-profil-wpc-black-antrazit\/#primaryimage\",\"inLanguage\":\"de\",\"url\":\"https:\/\/xlfence.com\/wp-content\/uploads\/2019\/06\/XL_dobbeltklink_wpc_black.png\",\"width\":1200,\"height\":1200},{\"@type\":\"WebPage\",\"@id\":\"https:\/\/xlfence.com\/de\/produkter\/accessories-de-2\/xl-hegnsprofiler-de\/xl-zaun-doppel-klink-profil-wpc-black-antrazit\/#webpage\",\"url\":\"https:\/\/xlfence.com\/de\/produkter\/accessories-de-2\/xl-hegnsprofiler-de\/xl-zaun-doppel-klink-profil-wpc-black-antrazit\/\",\"name\":\"XL WPC FENCE PROFILE DOUBLE LINK - XL Fence - Future Fencing\",\"isPartOf\":{\"@id\":\"https:\/\/xlfence.com\/de\/#website\"},\"primaryImageOfPage\":{\"@id\":\"https:\/\/xlfence.com\/de\/produkter\/accessories-de-2\/xl-hegnsprofiler-de\/xl-zaun-doppel-klink-profil-wpc-black-antrazit\/#primaryimage\"},\"datePublished\":\"2019-08-03T08:08:45+00:00\",\"dateModified\":\"2020-05-19T10:01:38+00:00\",\"breadcrumb\":{\"@id\":\"https:\/\/xlfence.com\/de\/produkter\/accessories-de-2\/xl-hegnsprofiler-de\/xl-zaun-doppel-klink-profil-wpc-black-antrazit\/#breadcrumb\"},\"inLanguage\":\"de\",\"potentialAction\":[{\"@type\":\"ReadAction\",\"target\":[\"https:\/\/xlfence.com\/de\/produkter\/accessories-de-2\/xl-hegnsprofiler-de\/xl-zaun-doppel-klink-profil-wpc-black-antrazit\/\"]}]},{\"@type\":\"BreadcrumbList\",\"@id\":\"https:\/\/xlfence.com\/de\/produkter\/accessories-de-2\/xl-hegnsprofiler-de\/xl-zaun-doppel-klink-profil-wpc-black-antrazit\/#breadcrumb\",\"itemListElement\":[{\"@type\":\"ListItem\",\"position\":1,\"item\":{\"@type\":\"WebPage\",\"@id\":\"https:\/\/xlfence.com\/de\/\",\"url\":\"https:\/\/xlfence.com\/de\/\",\"name\":\"Hjem\"}},{\"@type\":\"ListItem\",\"position\":2,\"item\":{\"@type\":\"WebPage\",\"@id\":\"https:\/\/xlfence.com\/de\/shop\/\",\"url\":\"https:\/\/xlfence.com\/de\/shop\/\",\"name\":\"Produkte\"}},{\"@type\":\"ListItem\",\"position\":3,\"item\":{\"@type\":\"WebPage\",\"@id\":\"https:\/\/xlfence.com\/de\/produkter\/accessories-de-2\/xl-hegnsprofiler-de\/xl-zaun-doppel-klink-profil-wpc-black-antrazit\/\",\"url\":\"https:\/\/xlfence.com\/de\/produkter\/accessories-de-2\/xl-hegnsprofiler-de\/xl-zaun-doppel-klink-profil-wpc-black-antrazit\/\",\"name\":\"XL WPC FENCE PROFILE DOUBLE LINK\"}}]}]}<\/script>\n<!-- \/ Yoast SEO Premium plugin. -->","_links":{"self":[{"href":"https:\/\/xlfence.com\/de\/wp-json\/wp\/v2\/product\/6065"}],"collection":[{"href":"https:\/\/xlfence.com\/de\/wp-json\/wp\/v2\/product"}],"about":[{"href":"https:\/\/xlfence.com\/de\/wp-json\/wp\/v2\/types\/product"}],"wp:featuredmedia":[{"embeddable":true,"href":"https:\/\/xlfence.com\/de\/wp-json\/wp\/v2\/media\/5004"}],"wp:attachment":[{"href":"https:\/\/xlfence.com\/de\/wp-json\/wp\/v2\/media?parent=6065"}],"wp:term":[{"taxonomy":"product_cat","embeddable":true,"href":"https:\/\/xlfence.com\/de\/wp-json\/wp\/v2\/product_cat?post=6065"},{"taxonomy":"product_tag","embeddable":true,"href":"https:\/\/xlfence.com\/de\/wp-json\/wp\/v2\/product_tag?post=6065"},{"taxonomy":"yst_prominent_words","embeddable":true,"href":"https:\/\/xlfence.com\/de\/wp-json\/wp\/v2\/yst_prominent_words?post=6065"}],"curies":[{"name":"wp","href":"https:\/\/api.w.org\/{rel}","templated":true}]}}