{"id":5974,"date":"2017-12-14T08:55:23","date_gmt":"2019-08-03T07:34:08","guid":{"rendered":"https:\/\/xlfence.com\/produkter\/okategoriserad\/xl-wpc-profil-blokhus\/"},"modified":"2019-12-09T17:55:26","modified_gmt":"2019-12-09T16:55:26","slug":"xl-komposit-blokhus-profil","status":"publish","type":"product","link":"https:\/\/xlfence.com\/sv\/produkter\/accessories-sv-2\/xl-hegnsprofiler-sv\/xl-komposit-blokhus-profil\/","title":{"rendered":"XL WPC FENCE PROFIL &#8221;BLOKHUS&#8221;"},"content":{"rendered":"<p>[vc_row css=&#8221;.vc_custom_1565606092643{padding-top: 2vh !important;}&#8221; mobile_bg_img_hidden=&#8221;no&#8221; tablet_bg_img_hidden=&#8221;no&#8221; woodmart_parallax=&#8221;0&#8243; woodmart_gradient_switch=&#8221;no&#8221; row_reverse_mobile=&#8221;0&#8243; row_reverse_tablet=&#8221;0&#8243; woodmart_disable_overflow=&#8221;0&#8243;][vc_column]\t\t\t<div id=\"wd-5d5872e854e89\" class=\"wd-text-block-wrapper wd-wpb wd-rs-5d5872e854e89 color-scheme-dark wd-width-100 text-left wd-off-anim wpb_animate_when_almost_visible wpb_wd-slide-from-bottom wd-slide-from-bottom wd-anim-name_wd-slide-from-bottom vc_custom_1566077685554\">\n\t\t\t\t<div class=\"woodmart-title-container woodmart-text-block reset-last-child font-primary wd-font-weight-500 \">\n\t\t\t\t\tXL FENCE WPC <span class=\"color-primary\">BLOKHUS<\/span> PROFIL\t\t\t\t<\/div>\n\n\t\t\t\t\t\t\t<\/div>\n\t\t[vc_column_text text_larger=&#8221;no&#8221;]<\/p>\n<h2 style=\"text-align: left;\"><\/h2>\n<p>&nbsp;<\/p>\n<p><img loading=\"lazy\" class=\"alignright wp-image-4575 size-full\" src=\"https:\/\/xlfence.com\/wp-content\/uploads\/2017\/06\/xlwpc_blokhus_profil_500x333.png\" alt=\"\" width=\"500\" height=\"333\" srcset=\"https:\/\/xlfence.com\/wp-content\/uploads\/2017\/06\/xlwpc_blokhus_profil_500x333.png 500w, https:\/\/xlfence.com\/wp-content\/uploads\/2017\/06\/xlwpc_blokhus_profil_500x333-300x200.png 300w\" sizes=\"(max-width: 500px) 100vw, 500px\" \/>XL komposit blockhus profil med tr\u00e4 look \u00e4r en exklusiv &amp; nyutvecklad produkt av XL staket i det nya materialet komposit (Tr\u00e4plastkomposit) vi har designat profilen med en bredd p\u00e5 botten av 43mm som d\u00e4rf\u00f6r passar i sp\u00e5ren av v\u00e5ra betongpelare. Detta inneb\u00e4r att du nu kan f\u00e5 ett sammansatt staket med betongpelare som \u00e4r 100 underh\u00e5llsfri.<\/p>\n<ul>\n<li>Beskrivning: XL Blokhus profil komposit<\/li>\n<li>Material: Komposit (Tr\u00e4plastkomposit)<\/li>\n<li>F\u00e4rg: svart\/svart | Gr\u00e5 | Brown<\/li>\n<li>M\u00e5tt: 43 x 165 mm<\/li>\n<li>L\u00e4ngd: 189 cm<\/li>\n<li>D\u00e4ckets bredd: 15,1 cm<\/li>\n<li>Vikt: 7,5 kg<\/li>\n<li>FSC nr. SA-COC004973<\/li>\n<li>Tr\u00e4dstruktur p\u00e5 b\u00e5da sidor<\/li>\n<li>CE &amp; FSC varum\u00e4rke<\/li>\n<li>Rept\u00e5lig yta<\/li>\n<li>Underh\u00e5llsfri<\/li>\n<li>Designad f\u00f6r betongpelare<\/li>\n<\/ul>\n<p>&nbsp;<\/p>\n<p style=\"text-align: center;\">[read wpml_attr_0=&#8217;more&#8217; ]<\/p>\n<h3>XL komposit BLOCKHUS profil i svart WPC komposit<img loading=\"lazy\" class=\" wp-image-6450 alignright\" src=\"https:\/\/xlfence.com\/wp-content\/uploads\/2019\/08\/P1410345-300x169.jpg\" alt=\"\" width=\"220\" height=\"124\" srcset=\"https:\/\/xlfence.com\/wp-content\/uploads\/2019\/08\/P1410345-300x169.jpg 300w, https:\/\/xlfence.com\/wp-content\/uploads\/2019\/08\/P1410345-600x338.jpg 600w, https:\/\/xlfence.com\/wp-content\/uploads\/2019\/08\/P1410345-768x432.jpg 768w, https:\/\/xlfence.com\/wp-content\/uploads\/2019\/08\/P1410345-1024x576.jpg 1024w\" sizes=\"(max-width: 220px) 100vw, 220px\" \/><\/h3>\n<p>XL Composite BLOKHUS profil-vi har designat v\u00e5r egen XL staket profil i svart WPC komposit med fin tr\u00e4 struktur som f\u00f6rhandlas exklusivt av Jima staket APS. XL Blokhus-profilen \u00e4r med Fer &amp; inte system, vilket g\u00f6r det enkelt att stapla dem ovanp\u00e5 varandra, vilket g\u00f6r profilen idealisk i en kombination med betongpelare &amp; Bottenplattor.<\/p>\n<p>&nbsp;<\/p>\n<hr>\n<h3><strong>Tr\u00e4dstrukturen p\u00e5 b\u00e5da sidor i f\u00e4rgen svart, gr\u00e5 eller brun.<\/strong><\/h3>\n<p>Det finns tr\u00e4 struktur p\u00e5 b\u00e5da sidor av XL BLOKHUS profil, s\u00e5 det finns inga grannar \u00e4r lurad med en ful och en snygg sida.<\/p>\n<h4>XL-m\u00e5tt.<img loading=\"lazy\" class=\" wp-image-5929 alignright\" src=\"https:\/\/xlfence.com\/wp-content\/uploads\/2019\/08\/xl_blokhus_profil_3farver-300x200.png\" alt=\"\" width=\"204\" height=\"136\" srcset=\"https:\/\/xlfence.com\/wp-content\/uploads\/2019\/08\/xl_blokhus_profil_3farver-300x200.png 300w, https:\/\/xlfence.com\/wp-content\/uploads\/2019\/08\/xl_blokhus_profil_3farver-600x400.png 600w, https:\/\/xlfence.com\/wp-content\/uploads\/2019\/08\/xl_blokhus_profil_3farver-768x512.png 768w, https:\/\/xlfence.com\/wp-content\/uploads\/2019\/08\/xl_blokhus_profil_3farver-1024x683.png 1024w\" sizes=\"(max-width: 204px) 100vw, 204px\" \/><\/h4>\n<ul>\n<li>XL Blokhus-profilen m\u00e4ter 43 x 165 mm\/189 cm.<\/li>\n<li>Vikten \u00e4r 3,5 kg. Per MTR. \u2013 Totalt 6,3 kg. Per profil!<\/li>\n<li>D\u00e4cket m\u00e5let \u00e4r 150 mm (15 cm) n\u00e4r du drar Fer\/Groove fr\u00e5n den totala profil h\u00f6jden p\u00e5 165mm.<\/li>\n<li>Bredden\/tjockleken \u00e4r 43mm nedtill och 16 mm upptill.<\/li>\n<li>L\u00e4ngden \u00e4r 1890 mm (189 cm) \u2013 profilerna kan anpassas manuellt.<\/li>\n<\/ul>\n<p>&nbsp;<\/p>\n<p><strong>Tips:<\/strong><br \/>\n<em>Det finns 10 st block hus profiler och 1 bit betong bottenplatta (+ 30 cm) f\u00f6r en total h\u00f6jd \u00f6ver marken p\u00e5 180cm.<\/em><br \/>\n<em>Sammansatt. T\u00e4ckvidden \u00e4r 15 cm.<\/em><\/p>\n<hr>\n<h3><\/h3>\n<h3>WPC: Tr\u00e4plastkomposit.<img loading=\"lazy\" class=\" wp-image-6611 alignright\" src=\"https:\/\/xlfence.com\/wp-content\/uploads\/2019\/05\/Profil-4_0004_Lag-4-kopier-4-300x225.jpg\" alt=\"\" width=\"224\" height=\"168\" srcset=\"https:\/\/xlfence.com\/wp-content\/uploads\/2019\/05\/Profil-4_0004_Lag-4-kopier-4-300x225.jpg 300w, https:\/\/xlfence.com\/wp-content\/uploads\/2019\/05\/Profil-4_0004_Lag-4-kopier-4-600x450.jpg 600w, https:\/\/xlfence.com\/wp-content\/uploads\/2019\/05\/Profil-4_0004_Lag-4-kopier-4-768x576.jpg 768w, https:\/\/xlfence.com\/wp-content\/uploads\/2019\/05\/Profil-4_0004_Lag-4-kopier-4-1024x768.jpg 1024w\" sizes=\"(max-width: 224px) 100vw, 224px\" \/><\/h3>\n<p>XL Composite Blokhus-profilen utf\u00f6rs av den senaste tekniken samt de b\u00e4sta ingredienserna som kallas WPC = Tr\u00e4plastkomposit. Materialet \u00e4r underh\u00e5llsfritt och kan inte angripas av r\u00e5d, svamp eller alger, d\u00e4rf\u00f6r kan du vara s\u00e4ker p\u00e5 att ha en fin och underh\u00e5llsfri komposit staket som kan p\u00e5g\u00e5 under en mycket m\u00e5nga \u00e5r. Den WPC profil \u00e4r gjord av 60 poppel (tr\u00e4), 30 HDPE (plast) och 10 till\u00e4gg inklusive f\u00e4rg och UV-stabilisatorer f\u00f6r att skydda mot blekning.<\/p>\n<p>&nbsp;<\/p>\n<hr>\n<h4><\/h4>\n<h4>H\u00f6g kvalitet med CE-m\u00e4rkt.<\/h4>\n<h4><img loading=\"lazy\" class=\" wp-image-4516 alignright\" src=\"https:\/\/xlfence.com\/wp-content\/uploads\/2019\/05\/fsclogo_3-300x109.png\" alt=\"\" width=\"162\" height=\"59\"><\/h4>\n<p>XL Blokhus-profilen i WPC \u00e4r b\u00e5de CE-m\u00e4rkt och FSC-certifierad produkt f\u00f6r att s\u00e4kerst\u00e4lla att produkten uppfyller en kvalitet det g\u00f6r att konsumenten k\u00e4nner sig trygg med produkten och att den tillverkas under l\u00e4mpliga f\u00f6rh\u00e5llanden.<\/p>\n<p>&nbsp;<\/p>\n<hr>\n<h4><\/h4>\n<h4>Betong &amp; komposit \u00e4r en helt ny &amp; unik kombination.<img loading=\"lazy\" class=\"alignright wp-image-5417 size-thumbnail\" src=\"https:\/\/xlfence.com\/wp-content\/uploads\/2017\/06\/xl-fence-wpc-concrete-denmark001-150x150.jpg\" alt=\"\" width=\"150\" height=\"150\" srcset=\"https:\/\/xlfence.com\/wp-content\/uploads\/2017\/06\/xl-fence-wpc-concrete-denmark001-150x150.jpg 150w, https:\/\/xlfence.com\/wp-content\/uploads\/2017\/06\/xl-fence-wpc-concrete-denmark001-300x300.jpg 300w, https:\/\/xlfence.com\/wp-content\/uploads\/2017\/06\/xl-fence-wpc-concrete-denmark001-100x100.jpg 100w, https:\/\/xlfence.com\/wp-content\/uploads\/2017\/06\/xl-fence-wpc-concrete-denmark001-600x600.jpg 600w\" sizes=\"(max-width: 150px) 100vw, 150px\" \/><\/h4>\n<p>Genom att kombinera tv\u00e5 underh\u00e5llsfria material och skapa en helt ny produkt \u00e4r XL Blokhus-profilen idealiskt i kombination med betongpelare, vilket g\u00f6r det m\u00f6jligt att skapa ett 100 underh\u00e5llsfritt komposit staket med betongpelare som \u00e4r helt Unikt staket som inte syns p\u00e5 marknaden f\u00f6rr\u00e4n nu. Se om det beh\u00f6vs. Relaterade produkter nedan.<\/p>\n<p>&nbsp;<\/p>\n<hr>\n<h4><\/h4>\n<h4>Rept\u00e5lig<img loading=\"lazy\" class=\"wp-image-4500 size-thumbnail alignright\" src=\"https:\/\/xlfence.com\/wp-content\/uploads\/2019\/05\/baggrund_footer_xlfence-150x150.jpg\" alt=\"\" width=\"150\" height=\"150\" srcset=\"https:\/\/xlfence.com\/wp-content\/uploads\/2019\/05\/baggrund_footer_xlfence-150x150.jpg 150w, https:\/\/xlfence.com\/wp-content\/uploads\/2019\/05\/baggrund_footer_xlfence-300x300.jpg 300w, https:\/\/xlfence.com\/wp-content\/uploads\/2019\/05\/baggrund_footer_xlfence-100x100.jpg 100w\" sizes=\"(max-width: 150px) 100vw, 150px\" \/><\/h4>\n<p>V\u00e5r XL komposit dubbel Klink profil \u00e4r omedelbart mycket &#8221;rept\u00e5lig&#8221; som vi f\u00f6rs\u00f6ker f\u00f6rklara med att m\u00e5nga andra &#8221;WPC&#8221; produkter p\u00e5 marknaden inte t\u00e5l att konfronteras med bara en spik d\u00e4r olyckliga situationer kan uppst\u00e5 med inf\u00f6randet av Skriva eller andra vandalism p\u00e5 en WPC staket, kan du inte p\u00e5 XL-profil som har en n\u00e5got gr\u00f6vre yta som g\u00f6r det mer rept\u00e5lig samtidigt beh\u00e5lla sin tr\u00e4 struktur.<\/p>\n<p>&nbsp;<\/p>\n<hr>\n<h4><\/h4>\n<h4><strong>Brusreducering:<\/strong><\/h4>\n<p>Upp till 10Db (cirka Att halvera det befintliga bullret. Bullerm\u00e4tningen fattas av Acoustica\/SWECO Danmark A\/S<\/p>\n<p>Ladda ner Bullerm\u00e4tningen<\/p>\n<hr>\n<h4><strong>Underh\u00e5lla WPC<img loading=\"lazy\" class=\"alignright wp-image-6773 size-thumbnail\" src=\"https:\/\/xlfence.com\/wp-content\/uploads\/2017\/06\/Kirkedal-Impraegnering-800x800-800x800-150x150.jpeg\" alt=\"\" width=\"150\" height=\"150\" srcset=\"https:\/\/xlfence.com\/wp-content\/uploads\/2017\/06\/Kirkedal-Impraegnering-800x800-800x800-150x150.jpeg 150w, https:\/\/xlfence.com\/wp-content\/uploads\/2017\/06\/Kirkedal-Impraegnering-800x800-800x800-300x300.jpeg 300w, https:\/\/xlfence.com\/wp-content\/uploads\/2017\/06\/Kirkedal-Impraegnering-800x800-800x800-100x100.jpeg 100w, https:\/\/xlfence.com\/wp-content\/uploads\/2017\/06\/Kirkedal-Impraegnering-800x800-800x800-600x600.jpeg 600w, https:\/\/xlfence.com\/wp-content\/uploads\/2017\/06\/Kirkedal-Impraegnering-800x800-800x800-768x768.jpeg 768w, https:\/\/xlfence.com\/wp-content\/uploads\/2017\/06\/Kirkedal-Impraegnering-800x800-800x800.jpeg 800w\" sizes=\"(max-width: 150px) 100vw, 150px\" \/><\/strong><\/h4>\n<p>Ett t\u00e4tskikt kan k\u00f6pas som beh\u00e5ller gl\u00f6den i WPC materialet. Betong och komposit \u00e4r tv\u00e5 helt underh\u00e5llsfria material, som inte kan vara s\u00e5 l\u00e4tt i naturen, i vilket fall det kommer att ta ett stort m\u00e5nga \u00e5r. Impregatory \u00e4r ocks\u00e5 bra som en f\u00f6rebyggande \u00e5tg\u00e4rd f\u00f6r vandalism som graffiti.<\/p>\n<p>&nbsp;<\/p>\n<hr>\n<h3><\/h3>\n<h3><strong>F\u00f6rsamlingen:<img loading=\"lazy\" class=\"wp-image-4395 alignright\" src=\"https:\/\/xlfence.com\/wp-content\/uploads\/2019\/05\/montering_xl_fence-300x168.jpg\" alt=\"\" width=\"189\" height=\"106\"><\/strong><\/h3>\n<p>Monteringen av ett staket med betongpelare \u00e4r ganska l\u00e4tt n\u00e4r du har lagt betongpelare i Vater med en str\u00e4ng d\u00e5 \u00e4r det helt enkelt att fastst\u00e4lla en profil med Fer\/inte i taget ovanp\u00e5 varandra tills du n\u00e5r toppen. Kom ih\u00e5g att vi inte bara leverera utan ocks\u00e5 montera din nya XL block profil sammansatta staket.<\/p>\n<p>[\/read][\/vc_column_text][\/vc_column][\/vc_row][vc_row full_width=&#8221;stretch_row_content_no_spaces&#8221; css=&#8221;.vc_custom_1565598619460{margin-bottom: -2px !important;background-color: #ffffff !important;}&#8221; mobile_bg_img_hidden=&#8221;no&#8221; tablet_bg_img_hidden=&#8221;no&#8221; woodmart_parallax=&#8221;0&#8243; woodmart_gradient_switch=&#8221;no&#8221; row_reverse_mobile=&#8221;0&#8243; row_reverse_tablet=&#8221;0&#8243; woodmart_disable_overflow=&#8221;0&#8243;][vc_column]\t\t\t<div id=\"wd-5d511b30b8daa\" class=\"wd-row-divider wd-5d511b30b8daa dvr-position-bottom dvr-style-curved-line woodmart-row-divider\">\n\t\t\t\t<svg xmlns=\"http:\/\/www.w3.org\/2000\/svg\" xmlns:xlink=\"http:\/\/www.w3.org\/1999\/xlink\" x=\"0px\" y=\"0px\"\n\t viewBox=\"0 0 100 100\" width=\"100%\" height=\"50px\" preserveAspectRatio=\"none\">\n<path display=\"none\" d=\"M100,25.8V100H0V52.5c-4.9-6.8-9.5-13.8-15-19.7V101h125V20.9C106.3,22,103,23.7,100,25.8z\"\/>\n<path d=\"M100,100V0.8C77.8,21.4,71.3,70.5,38.6,70.5c-18.8,0-29.1-16.2-38.6-34V100H100z\"\/>\n<\/svg>\n\t\t\t\t\t\t\t<\/div>\n\t\t[\/vc_column][\/vc_row][vc_row full_width=&#8221;stretch_row&#8221; content_placement=&#8221;middle&#8221; row_reverse_mobile=&#8221;1&#8243; css=&#8221;.vc_custom_1565598605788{background-color: #f9f9f9 !important;}&#8221; mobile_bg_img_hidden=&#8221;no&#8221; tablet_bg_img_hidden=&#8221;no&#8221; woodmart_parallax=&#8221;0&#8243; woodmart_gradient_switch=&#8221;no&#8221; row_reverse_tablet=&#8221;0&#8243; woodmart_disable_overflow=&#8221;0&#8243;][vc_column css=&#8221;.vc_custom_1565598021226{margin-top: 4vh !important;margin-bottom: 4vh !important;padding-top: 0px !important;}&#8221; offset=&#8221;vc_col-lg-5 vc_col-md-6&#8243; mobile_bg_img_hidden=&#8221;no&#8221; tablet_bg_img_hidden=&#8221;no&#8221; woodmart_parallax=&#8221;0&#8243; woodmart_sticky_column=&#8221;false&#8221; parallax_scroll=&#8221;no&#8221; mobile_reset_margin=&#8221;no&#8221; tablet_reset_margin=&#8221;no&#8221;]\t\t\t<div id=\"wd-5d587ca9cee3c\" class=\"wd-text-block-wrapper wd-wpb wd-rs-5d587ca9cee3c color-scheme-dark wd-width-100 text-left wd-off-anim wpb_animate_when_almost_visible wpb_wd-slide-from-bottom wd-slide-from-bottom wd-anim-name_wd-slide-from-bottom vc_custom_1566080266734\">\n\t\t\t\t<div class=\"woodmart-title-container woodmart-text-block reset-last-child font-primary wd-font-weight-500 \">\n\t\t\t\t\tMer <span class=\"color-primary\">f\u00e4rgstarka<\/span> alternativ.\t\t\t\t<\/div>\n\n\t\t\t\t\t\t\t<\/div>\n\t\t\t\t\t<div id=\"wd-5d587d2235d41\" class=\"wd-text-block-wrapper wd-wpb wd-rs-5d587d2235d41 color-scheme- wd-width-100 text-left wd-off-anim wpb_animate_when_almost_visible wpb_wd-slide-from-bottom wd-slide-from-bottom wd-anim-name_wd-slide-from-bottom \">\n\t\t\t\t<div class=\"woodmart-title-container woodmart-text-block reset-last-child font-text wd-font-weight-400 \">\n\t\t\t\t\tXL BLOKHUS-profilen finns i tre olika f\u00e4rger, som matchar de flesta val, den vackra och framg\u00e5ngsrika svart\/antracit som kan g\u00e5 b\u00e5da s\u00e4tten i den m\u00f6rka skuggan. Dessutom har vi en snygg och vacker gr\u00e5 f\u00e4rg som passar den naturliga betongen. Den klassiska bruna som alltid kommer att vara p\u00e5 framsidan om det borde OSE lite mer av exklusivitet och passar vackert i som en mer passande f\u00e4rg f\u00f6r tr\u00e4dstrukturen i XL profilen.\t\t\t\t<\/div>\n\n\t\t\t\t\t\t\t<\/div>\n\t\t<div id=\"wd-5d5142101711d\" class=\" wd-rs-5d5142101711d  wd-button-wrapper woodmart-button-wrapper wd-off-anim wpb_animate_when_almost_visible wpb_wd-slide-from-bottom wd-slide-from-bottom wd-anim-name_wd-slide-from-bottom text-center inline-element\"><a  class=\"btn btn-color-primary btn-style-bordered btn-style-semi-round btn-size-default\">Hitta \u00e5terf\u00f6rs\u00e4ljare<\/a><\/div>[\/vc_column][vc_column css=&#8221;.vc_custom_1565598012309{margin-top: 4vh !important;margin-bottom: 4vh !important;padding-top: 0px !important;}&#8221; offset=&#8221;vc_col-lg-7 vc_col-md-6&#8243; mobile_bg_img_hidden=&#8221;no&#8221; tablet_bg_img_hidden=&#8221;no&#8221; woodmart_parallax=&#8221;0&#8243; woodmart_sticky_column=&#8221;false&#8221; parallax_scroll=&#8221;no&#8221; mobile_reset_margin=&#8221;no&#8221; tablet_reset_margin=&#8221;no&#8221;]\t\t<div class=\"wd-image-hotspot-wrapper hotspot-action-hover hotspot-icon-alt color-scheme-dark vc_custom_1566079382608\">\n\t\t\t<div class=\"wd-image-hotspot-hotspots\">\n\t\t\t\t<img width=\"1200\" height=\"800\" src=\"https:\/\/xlfence.com\/wp-content\/uploads\/2019\/06\/xl_wpc_blokhus_profiler_farver_sort_graa_brun_12.png\" class=\"wd-image-hotspot-img attachment-full\" alt=\"\" loading=\"lazy\" title=\"xl_wpc_blokhus_profiler_farver_sort_graa_brun_12\" srcset=\"https:\/\/xlfence.com\/wp-content\/uploads\/2019\/06\/xl_wpc_blokhus_profiler_farver_sort_graa_brun_12.png 1200w, https:\/\/xlfence.com\/wp-content\/uploads\/2019\/06\/xl_wpc_blokhus_profiler_farver_sort_graa_brun_12-600x400.png 600w, https:\/\/xlfence.com\/wp-content\/uploads\/2019\/06\/xl_wpc_blokhus_profiler_farver_sort_graa_brun_12-300x200.png 300w, https:\/\/xlfence.com\/wp-content\/uploads\/2019\/06\/xl_wpc_blokhus_profiler_farver_sort_graa_brun_12-768x512.png 768w, https:\/\/xlfence.com\/wp-content\/uploads\/2019\/06\/xl_wpc_blokhus_profiler_farver_sort_graa_brun_12-1024x683.png 1024w\" sizes=\"(max-width: 1200px) 100vw, 1200px\" \/><div class=\"wd-image-hotspot hotspot-type-text\" style=\"left: 12.856%; top: 57.732%;\"><span class=\"hotspot-sonar\"><\/span><div class=\"hotspot-btn wd-fill\"><\/div><div class=\"hotspot-text hotspot-content hotspot-dropdown-top\"><div class=\"hotspot-content-image\"><img width=\"2500\" height=\"2500\" src=\"https:\/\/xlfence.com\/wp-content\/uploads\/2017\/06\/xlwpc_blokhus_profil_wpc_graa_1.jpg\" class=\"wd-image-hotspot-img attachment-full\" alt=\"\" \/><\/div><h4 class=\"wd-entities-title\">GR\u00c5 WPC med tr\u00e4dstruktur<\/h4><\/div><\/div><div class=\"wd-image-hotspot hotspot-type-text\" style=\"left: 44.455%; top: 53.903%;\"><span class=\"hotspot-sonar\"><\/span><div class=\"hotspot-btn wd-fill\"><\/div><div class=\"hotspot-text hotspot-content hotspot-dropdown-left\"><div class=\"hotspot-content-image\"><img width=\"2500\" height=\"2500\" src=\"https:\/\/xlfence.com\/wp-content\/uploads\/2017\/06\/xlwpc_blokhus_profil_wpc_brun.jpg\" class=\"wd-image-hotspot-img attachment-full\" alt=\"\" \/><\/div><h4 class=\"wd-entities-title\">BRUN WPC med tr\u00e4 struktur<\/h4><\/div><\/div><div class=\"wd-image-hotspot hotspot-type-text\" style=\"left: 73.896%; top: 66.716%;\"><span class=\"hotspot-sonar\"><\/span><div class=\"hotspot-btn wd-fill\"><\/div><div class=\"hotspot-text hotspot-content hotspot-dropdown-top\"><div class=\"hotspot-content-image\"><img width=\"1200\" height=\"1200\" src=\"https:\/\/xlfence.com\/wp-content\/uploads\/2017\/06\/xl_fence_blokhus_profil_black_wpc_1.png\" class=\"wd-image-hotspot-img attachment-full\" alt=\"\" \/><\/div><h4 class=\"wd-entities-title\">SVART\/ANTRACIT WPC med tr\u00e4 struktur<\/h4><\/div><\/div>\t\t\t<\/div>\n\t\t<\/div>\n\t\t[\/vc_column][\/vc_row][vc_row full_width=&#8221;stretch_row_content_no_spaces&#8221; css=&#8221;.vc_custom_1565597647762{background-color: #f9f9f9 !important;}&#8221; mobile_bg_img_hidden=&#8221;no&#8221; tablet_bg_img_hidden=&#8221;no&#8221; woodmart_parallax=&#8221;0&#8243; woodmart_gradient_switch=&#8221;no&#8221; row_reverse_mobile=&#8221;0&#8243; row_reverse_tablet=&#8221;0&#8243; woodmart_disable_overflow=&#8221;0&#8243;][vc_column mobile_bg_img_hidden=&#8221;no&#8221; tablet_bg_img_hidden=&#8221;no&#8221; woodmart_parallax=&#8221;0&#8243; woodmart_sticky_column=&#8221;false&#8221; parallax_scroll=&#8221;no&#8221; mobile_reset_margin=&#8221;no&#8221; tablet_reset_margin=&#8221;no&#8221;]\t\t\t<div id=\"wd-5d514c08ab6fb\" class=\"wd-row-divider wd-5d514c08ab6fb dvr-position-bottom dvr-style-curved-line woodmart-row-divider dvr-overlap-enable\">\n\t\t\t\t<svg xmlns=\"http:\/\/www.w3.org\/2000\/svg\" xmlns:xlink=\"http:\/\/www.w3.org\/1999\/xlink\" x=\"0px\" y=\"0px\"\n\t viewBox=\"0 0 100 100\" width=\"100%\" height=\"50px\" preserveAspectRatio=\"none\">\n<path display=\"none\" d=\"M100,25.8V100H0V52.5c-4.9-6.8-9.5-13.8-15-19.7V101h125V20.9C106.3,22,103,23.7,100,25.8z\"\/>\n<path d=\"M100,100V0.8C77.8,21.4,71.3,70.5,38.6,70.5c-18.8,0-29.1-16.2-38.6-34V100H100z\"\/>\n<\/svg>\n\t\t\t\t\t\t\t<\/div>\n\t\t[\/vc_column][\/vc_row][vc_row][vc_column][vc_column_text]<\/p>\n<p>[\/vc_column_text][\/vc_column][\/vc_row]<\/p>\n","protected":false},"excerpt":{"rendered":"<p>XL Composite Blockhouse profil med tr\u00e4 look \u00e4r en exklusiv &amp; nyutvecklad produkt av XL staket i det nya materialet komposit (Tr\u00e4plastkomposit)<\/p>\n","protected":false},"featured_media":5056,"template":"","meta":[],"product_cat":[387],"product_tag":[],"yst_prominent_words":[133,128,119,846,214,856,129,120,847,215,1004,123,130,121,848,216,855,849,1009,1003],"yoast_head":"<!-- This site is optimized with the Yoast SEO Premium plugin v14.4.1 - https:\/\/yoast.com\/wordpress\/plugins\/seo\/ -->\n<title>XL WPC FENCE PROFIL &quot;BLOKHUS&quot; - XL Fence - Future Fencing<\/title>\n<meta name=\"robots\" content=\"index, follow\" \/>\n<meta name=\"googlebot\" content=\"index, follow, max-snippet:-1, max-image-preview:large, max-video-preview:-1\" \/>\n<meta name=\"bingbot\" content=\"index, follow, max-snippet:-1, max-image-preview:large, max-video-preview:-1\" \/>\n<link rel=\"canonical\" href=\"https:\/\/xlfence.com\/sv\/produkter\/accessories-sv-2\/xl-hegnsprofiler-sv\/xl-komposit-blokhus-profil\/\" \/>\n<meta property=\"og:locale\" content=\"sv_SE\" \/>\n<meta property=\"og:type\" content=\"article\" \/>\n<meta property=\"og:title\" content=\"XL WPC FENCE PROFIL &quot;BLOKHUS&quot; - XL Fence - Future Fencing\" \/>\n<meta property=\"og:description\" content=\"XL Composite Blockhouse profil med tr\u00e4 look \u00e4r en exklusiv &amp; nyutvecklad produkt av XL staket i det nya materialet komposit (Tr\u00e4plastkomposit)\" \/>\n<meta property=\"og:url\" content=\"https:\/\/xlfence.com\/sv\/produkter\/accessories-sv-2\/xl-hegnsprofiler-sv\/xl-komposit-blokhus-profil\/\" \/>\n<meta property=\"og:site_name\" content=\"XL Fence - Future Fencing\" \/>\n<meta property=\"article:modified_time\" content=\"2019-12-09T16:55:26+00:00\" \/>\n<meta property=\"og:image\" content=\"https:\/\/xlfence.com\/wp-content\/uploads\/2017\/06\/xl_fence_blokhus_profil_black_wpc_1.png\" \/>\n\t<meta property=\"og:image:width\" content=\"1200\" \/>\n\t<meta property=\"og:image:height\" content=\"1200\" \/>\n<meta name=\"twitter:card\" content=\"summary_large_image\" \/>\n<script type=\"application\/ld+json\" class=\"yoast-schema-graph\">{\"@context\":\"https:\/\/schema.org\",\"@graph\":[{\"@type\":\"WebSite\",\"@id\":\"https:\/\/xlfence.com\/sv\/#website\",\"url\":\"https:\/\/xlfence.com\/sv\/\",\"name\":\"XL Fence - Future Fencing\",\"description\":\"We produce fence of the future\",\"potentialAction\":[{\"@type\":\"SearchAction\",\"target\":\"https:\/\/xlfence.com\/sv\/?s={search_term_string}\",\"query-input\":\"required name=search_term_string\"}],\"inLanguage\":\"sv-SE\"},{\"@type\":\"ImageObject\",\"@id\":\"https:\/\/xlfence.com\/sv\/produkter\/accessories-sv-2\/xl-hegnsprofiler-sv\/xl-komposit-blokhus-profil\/#primaryimage\",\"inLanguage\":\"sv-SE\",\"url\":\"https:\/\/xlfence.com\/wp-content\/uploads\/2017\/06\/xl_fence_blokhus_profil_black_wpc_1.png\",\"width\":1200,\"height\":1200},{\"@type\":\"WebPage\",\"@id\":\"https:\/\/xlfence.com\/sv\/produkter\/accessories-sv-2\/xl-hegnsprofiler-sv\/xl-komposit-blokhus-profil\/#webpage\",\"url\":\"https:\/\/xlfence.com\/sv\/produkter\/accessories-sv-2\/xl-hegnsprofiler-sv\/xl-komposit-blokhus-profil\/\",\"name\":\"XL WPC FENCE PROFIL \\\"BLOKHUS\\\" - XL Fence - Future Fencing\",\"isPartOf\":{\"@id\":\"https:\/\/xlfence.com\/sv\/#website\"},\"primaryImageOfPage\":{\"@id\":\"https:\/\/xlfence.com\/sv\/produkter\/accessories-sv-2\/xl-hegnsprofiler-sv\/xl-komposit-blokhus-profil\/#primaryimage\"},\"datePublished\":\"2019-08-03T07:34:08+00:00\",\"dateModified\":\"2019-12-09T16:55:26+00:00\",\"breadcrumb\":{\"@id\":\"https:\/\/xlfence.com\/sv\/produkter\/accessories-sv-2\/xl-hegnsprofiler-sv\/xl-komposit-blokhus-profil\/#breadcrumb\"},\"inLanguage\":\"sv-SE\",\"potentialAction\":[{\"@type\":\"ReadAction\",\"target\":[\"https:\/\/xlfence.com\/sv\/produkter\/accessories-sv-2\/xl-hegnsprofiler-sv\/xl-komposit-blokhus-profil\/\"]}]},{\"@type\":\"BreadcrumbList\",\"@id\":\"https:\/\/xlfence.com\/sv\/produkter\/accessories-sv-2\/xl-hegnsprofiler-sv\/xl-komposit-blokhus-profil\/#breadcrumb\",\"itemListElement\":[{\"@type\":\"ListItem\",\"position\":1,\"item\":{\"@type\":\"WebPage\",\"@id\":\"https:\/\/xlfence.com\/sv\/\",\"url\":\"https:\/\/xlfence.com\/sv\/\",\"name\":\"Hjem\"}},{\"@type\":\"ListItem\",\"position\":2,\"item\":{\"@type\":\"WebPage\",\"@id\":\"https:\/\/xlfence.com\/sv\/butik\/\",\"url\":\"https:\/\/xlfence.com\/sv\/butik\/\",\"name\":\"Produkter\"}},{\"@type\":\"ListItem\",\"position\":3,\"item\":{\"@type\":\"WebPage\",\"@id\":\"https:\/\/xlfence.com\/sv\/produkter\/accessories-sv-2\/xl-hegnsprofiler-sv\/xl-komposit-blokhus-profil\/\",\"url\":\"https:\/\/xlfence.com\/sv\/produkter\/accessories-sv-2\/xl-hegnsprofiler-sv\/xl-komposit-blokhus-profil\/\",\"name\":\"XL WPC FENCE PROFIL &#8220;BLOKHUS&#8221;\"}}]}]}<\/script>\n<!-- \/ Yoast SEO Premium plugin. -->","_links":{"self":[{"href":"https:\/\/xlfence.com\/sv\/wp-json\/wp\/v2\/product\/5974"}],"collection":[{"href":"https:\/\/xlfence.com\/sv\/wp-json\/wp\/v2\/product"}],"about":[{"href":"https:\/\/xlfence.com\/sv\/wp-json\/wp\/v2\/types\/product"}],"wp:featuredmedia":[{"embeddable":true,"href":"https:\/\/xlfence.com\/sv\/wp-json\/wp\/v2\/media\/5056"}],"wp:attachment":[{"href":"https:\/\/xlfence.com\/sv\/wp-json\/wp\/v2\/media?parent=5974"}],"wp:term":[{"taxonomy":"product_cat","embeddable":true,"href":"https:\/\/xlfence.com\/sv\/wp-json\/wp\/v2\/product_cat?post=5974"},{"taxonomy":"product_tag","embeddable":true,"href":"https:\/\/xlfence.com\/sv\/wp-json\/wp\/v2\/product_tag?post=5974"},{"taxonomy":"yst_prominent_words","embeddable":true,"href":"https:\/\/xlfence.com\/sv\/wp-json\/wp\/v2\/yst_prominent_words?post=5974"}],"curies":[{"name":"wp","href":"https:\/\/api.w.org\/{rel}","templated":true}]}}