{"id":6062,"date":"2019-06-02T10:21:52","date_gmt":"2019-08-03T08:06:25","guid":{"rendered":"https:\/\/xlfence.com\/produkter\/okategoriserad\/xl-staket-dubbel-klink-profil-wpc-svart-antracite\/"},"modified":"2020-05-19T12:01:40","modified_gmt":"2020-05-19T10:01:40","slug":"xl-staket-dubbel-klink-profil-wpc-svart-antracite","status":"publish","type":"product","link":"https:\/\/xlfence.com\/sv\/produkter\/accessories-sv-2\/xl-hegnsprofiler-sv\/xl-staket-dubbel-klink-profil-wpc-svart-antracite\/","title":{"rendered":"XL WPC STAKET PROFIL DUBBEL L\u00c4NK"},"content":{"rendered":"<p>[vc_row css=&#8221;.vc_custom_1565606092643{padding-top: 2vh !important;}&#8221; mobile_bg_img_hidden=&#8221;no&#8221; tablet_bg_img_hidden=&#8221;no&#8221; woodmart_parallax=&#8221;0&#8243; woodmart_gradient_switch=&#8221;no&#8221; row_reverse_mobile=&#8221;0&#8243; row_reverse_tablet=&#8221;0&#8243; woodmart_disable_overflow=&#8221;0&#8243;][vc_column]\t\t\t<div id=\"wd-5ebe3b37443a2\" class=\"wd-text-block-wrapper wd-wpb wd-rs-5ebe3b37443a2 color-scheme-dark wd-width-100 text-left wd-off-anim wpb_animate_when_almost_visible wpb_wd-slide-from-bottom wd-slide-from-bottom wd-anim-name_wd-slide-from-bottom vc_custom_1589525310191\">\n\t\t\t\t<div class=\"woodmart-title-container woodmart-text-block reset-last-child font-primary wd-font-weight-500 \">\n\t\t\t\t\tXL<span class=\"color-primary\"> <\/span>STAKET WPC STAKET PROFIL <span class=\"color-primary\">DOUBLEKLINK<\/span>\t\t\t\t<\/div>\n\n\t\t\t\t\t\t\t<\/div>\n\t\t[vc_column_text text_larger=&#8221;no&#8221;]<\/p>\n<h2 style=\"text-align: left;\"><\/h2>\n<p><img loading=\"lazy\" class=\"alignright wp-image-5002\" src=\"https:\/\/xlfence.com\/wp-content\/uploads\/2019\/06\/XL_dobbeltklink_wpc_black-300x300.png\" alt=\"\" width=\"500\" height=\"500\" srcset=\"https:\/\/xlfence.com\/wp-content\/uploads\/2019\/06\/XL_dobbeltklink_wpc_black-300x300.png 300w, https:\/\/xlfence.com\/wp-content\/uploads\/2019\/06\/XL_dobbeltklink_wpc_black-100x100.png 100w, https:\/\/xlfence.com\/wp-content\/uploads\/2019\/06\/XL_dobbeltklink_wpc_black-600x600.png 600w, https:\/\/xlfence.com\/wp-content\/uploads\/2019\/06\/XL_dobbeltklink_wpc_black-150x150.png 150w, https:\/\/xlfence.com\/wp-content\/uploads\/2019\/06\/XL_dobbeltklink_wpc_black-768x768.png 768w, https:\/\/xlfence.com\/wp-content\/uploads\/2019\/06\/XL_dobbeltklink_wpc_black-1024x1024.png 1024w, https:\/\/xlfence.com\/wp-content\/uploads\/2019\/06\/XL_dobbeltklink_wpc_black.png 1200w\" sizes=\"(max-width: 500px) 100vw, 500px\" \/>XL komposit Dubbel klinkerprofil med tr\u00e4struktur \u00e4r en exklusiv och nyutvecklad produkt av XL FENCE i det nya materialet Composite (Wood Plastic Composite) Vi har designat profilen med en bredd l\u00e4ngst ner p\u00e5 43mm som d\u00e4rf\u00f6r passar i sp\u00e5ren p\u00e5 v\u00e5ra betongstolpar. Detta inneb\u00e4r att du nu kan f\u00e5 ett sammansatt staket med betongpelare som \u00e4r 100 underh\u00e5llsfri.<\/p>\n<ul>\n<li>Beskrivning: XL Dubbel Klink Profil Komposit<\/li>\n<li>Material: Komposit (Tr\u00e4plastkomposit)<\/li>\n<li>F\u00e4rg: svart\/svart | Gr\u00e5 | Brown<\/li>\n<li>M\u00e5tt: 43 x 165 mm<\/li>\n<li>L\u00e4ngd: 189 cm<\/li>\n<li>D\u00e4ckets bredd: 15,1 cm<\/li>\n<li>Vikt: 7,5 kg<\/li>\n<li>FSC nr. SA-COC004973<\/li>\n<li>Tr\u00e4dstruktur p\u00e5 b\u00e5da sidor<\/li>\n<li>CE &amp; FSC varum\u00e4rke<\/li>\n<li>Rept\u00e5lig yta<\/li>\n<li>Underh\u00e5llsfri<\/li>\n<li>Designad f\u00f6r betongpelare<\/li>\n<\/ul>\n<h3>XL Komposit DOUBLEKLINK staket profil i svart WPC komposit<img loading=\"lazy\" class=\"wp-image-7166 size-medium alignright\" src=\"https:\/\/xlfence.com\/wp-content\/uploads\/2019\/09\/xlfence_doubleclinker1-4-300x225.jpg\" alt=\"\" width=\"300\" height=\"225\" srcset=\"https:\/\/xlfence.com\/wp-content\/uploads\/2019\/09\/xlfence_doubleclinker1-4-300x225.jpg 300w, https:\/\/xlfence.com\/wp-content\/uploads\/2019\/09\/xlfence_doubleclinker1-4-600x450.jpg 600w, https:\/\/xlfence.com\/wp-content\/uploads\/2019\/09\/xlfence_doubleclinker1-4-768x576.jpg 768w, https:\/\/xlfence.com\/wp-content\/uploads\/2019\/09\/xlfence_doubleclinker1-4-1024x768.jpg 1024w\" sizes=\"(max-width: 300px) 100vw, 300px\" \/><\/h3>\n<p>XL Composite DOUBLEKLINK Profil \u2013 Vi har designat v\u00e5r egen XL staketprofil i svart WPC-komposit med vacker tr\u00e4struktur. XL dubbell\u00e4nksprofil \u00e4r med fer &amp; inte system, vilket g\u00f6r det enkelt att stapla dem ovanp\u00e5 varandra vilket g\u00f6r profilen idealisk i en kombination med betongstolpar och bottenplattor.<\/p>\n<hr>\n<h3><strong>Tr\u00e4dstrukturen p\u00e5 b\u00e5da sidor i f\u00e4rgen svart, gr\u00e5 eller brun.<\/strong><\/h3>\n<p>Det finns en tr\u00e4struktur p\u00e5 b\u00e5da sidor av XL DOUBLEKLINK-profilen, s\u00e5 det finns inga grannar som blir lurade med en ot\u00e4ck och en snygg sida.<\/p>\n<h4>XL-m\u00e5tt.<\/h4>\n<ul>\n<li>XL DOUBLEKLINK-profilen m\u00e4ter 43 x 165 mm \/ 189 cm.<\/li>\n<li>Vikten \u00e4r 3,5 kg. Per MTR. \u2013 Totalt 6,3 kg. Per profil!<\/li>\n<li>D\u00e4cket m\u00e5let \u00e4r 150 mm (15 cm) n\u00e4r du drar Fer\/Groove fr\u00e5n den totala profil h\u00f6jden p\u00e5 165mm.<\/li>\n<li>Bredden\/tjockleken \u00e4r 43mm nedtill och 16 mm upptill.<\/li>\n<li>L\u00e4ngden \u00e4r 1890 mm (189 cm) \u2013 profilerna kan anpassas manuellt.<\/li>\n<\/ul>\n<p><strong>Tips:<\/strong><br \/>\n<em>Det finns 10 XL DOUBLEKLINK profiler och 1 betong bottenplatta (+30 cm) f\u00f6r en total h\u00f6jd \u00f6ver marken p\u00e5 180cm.<\/em><br \/>\n<em>Sammansatt. T\u00e4ckvidden \u00e4r 15 cm.<\/em><\/p>\n<hr>\n<h3><\/h3>\n<h3>WPC: Tr\u00e4plastkomposit.<\/h3>\n<p>XL Composite dubbel klink profil \u00e4r tillverkad av den senaste tekniken samt de b\u00e4sta ingredienserna som kallas WPC = Tr\u00e4 Plast Composite. Materialet \u00e4r underh\u00e5llsfritt och kan inte angripas av r\u00e5d, svamp eller alger, d\u00e4rf\u00f6r kan du vara s\u00e4ker p\u00e5 att ha en fin och underh\u00e5llsfri komposit staket som kan p\u00e5g\u00e5 under en mycket m\u00e5nga \u00e5r. Den WPC profil \u00e4r gjord av 60 poppel (tr\u00e4), 30 HDPE (plast) och 10 till\u00e4gg inklusive f\u00e4rg och UV-stabilisatorer f\u00f6r att skydda mot blekning.<\/p>\n<hr>\n<h4><\/h4>\n<h4>H\u00f6g kvalitet med CE-m\u00e4rkt.<\/h4>\n<h4><img loading=\"lazy\" class=\" wp-image-4516 alignright\" src=\"https:\/\/xlfence.com\/wp-content\/uploads\/2019\/05\/fsclogo_3-300x109.png\" alt=\"\" width=\"162\" height=\"59\"><\/h4>\n<p>XL Double Link-profilen i WPC \u00e4r b\u00e5de CE-m\u00e4rkt och FSC-certifierad produkt som s\u00e4kerst\u00e4ller att produkten uppfyller en kvalitet som den g\u00f6r att konsumenten k\u00e4nner sig bekv\u00e4m med produkten och att den produceras under l\u00e4mpliga f\u00f6rh\u00e5llanden.<\/p>\n<hr>\n<h4><\/h4>\n<h4>Betong &amp; komposit \u00e4r en helt ny &amp; unik kombination.<\/h4>\n<p>Vi har kombinerat tv\u00e5 underh\u00e5llsfria material och d\u00e4rigenom skapat en helt ny produkt \u2013 d\u00e4rf\u00f6r kombineras XL DoubleLink-profilen helst med betongstolpar, vilket skapar ett 100 underh\u00e5llsfritt kompositst\u00e4ngsel med betongstolpar som \u00e4r unika st\u00e4ngsel som inte syns p\u00e5 marknaden f\u00f6rr\u00e4n nu. Se om det beh\u00f6vs. Relaterade produkter nedan.<\/p>\n<hr>\n<h4><\/h4>\n<h4>Rept\u00e5lig<\/h4>\n<p>V\u00e5r XL Composite Double Clink profil \u00e4r omedelbart mycket &#8221;rept\u00e5lig&#8221; som vi f\u00f6rs\u00f6ker f\u00f6rklara med det faktum att m\u00e5nga andra &#8221;WPC&#8221; produkter p\u00e5 marknaden inte kan tolerera att konfronteras med bara en spik som kan orsaka olyckliga situationer med \u00f6vertr\u00e4delse av skrivande eller annan vandalism p\u00e5 en WPC staket, kan du inte p\u00e5 XL profil som har en n\u00e5got gr\u00f6vre yta som g\u00f6r det mer rept\u00e5lig samtidigt som dess tr\u00e4struktur.<\/p>\n<hr>\n<h4><\/h4>\n<h4><strong>Brusreducering:<\/strong><\/h4>\n<p>Upp till 10Db (cirka Att halvera det befintliga bullret. Bullerm\u00e4tningen fattas av Acoustica\/SWECO Danmark A\/S<\/p>\n<p>Ladda ner Bullerm\u00e4tningen<\/p>\n<hr>\n<h4><strong>Underh\u00e5lla WPC<img loading=\"lazy\" class=\"alignright wp-image-6773 size-thumbnail\" src=\"https:\/\/xlfence.com\/wp-content\/uploads\/2017\/06\/Kirkedal-Impraegnering-800x800-800x800-150x150.jpeg\" alt=\"\" width=\"150\" height=\"150\" srcset=\"https:\/\/xlfence.com\/wp-content\/uploads\/2017\/06\/Kirkedal-Impraegnering-800x800-800x800-150x150.jpeg 150w, https:\/\/xlfence.com\/wp-content\/uploads\/2017\/06\/Kirkedal-Impraegnering-800x800-800x800-300x300.jpeg 300w, https:\/\/xlfence.com\/wp-content\/uploads\/2017\/06\/Kirkedal-Impraegnering-800x800-800x800-100x100.jpeg 100w, https:\/\/xlfence.com\/wp-content\/uploads\/2017\/06\/Kirkedal-Impraegnering-800x800-800x800-600x600.jpeg 600w, https:\/\/xlfence.com\/wp-content\/uploads\/2017\/06\/Kirkedal-Impraegnering-800x800-800x800-768x768.jpeg 768w, https:\/\/xlfence.com\/wp-content\/uploads\/2017\/06\/Kirkedal-Impraegnering-800x800-800x800.jpeg 800w\" sizes=\"(max-width: 150px) 100vw, 150px\" \/><\/strong><\/h4>\n<p>Ett t\u00e4tskikt kan k\u00f6pas som beh\u00e5ller gl\u00f6den i WPC materialet. Betong och komposit \u00e4r tv\u00e5 helt underh\u00e5llsfria material, som inte kan vara s\u00e5 l\u00e4tt i naturen, i vilket fall det kommer att ta ett stort m\u00e5nga \u00e5r. Impregatory \u00e4r ocks\u00e5 bra som en f\u00f6rebyggande \u00e5tg\u00e4rd f\u00f6r vandalism som graffiti.<\/p>\n<hr>\n<h3><\/h3>\n<h3><strong>F\u00f6rsamlingen:<img loading=\"lazy\" class=\"wp-image-4395 alignright\" src=\"https:\/\/xlfence.com\/wp-content\/uploads\/2019\/05\/montering_xl_fence-300x168.jpg\" alt=\"\" width=\"189\" height=\"106\"><\/strong><\/h3>\n<p>Monteringen av ett staket med betongpelare \u00e4r ganska l\u00e4tt n\u00e4r du har lagt betongpelare i Vater med en str\u00e4ng d\u00e5 \u00e4r det helt enkelt att fastst\u00e4lla en profil med Fer\/inte i taget ovanp\u00e5 varandra tills du n\u00e5r toppen. Kom ih\u00e5g att vi inte bara levererar utan \u00e4ven montera din nya XL dual-klink komposit staket.[\/vc_column_text][\/vc_column][\/vc_row][vc_row full_width=&#8221;stretch_row_content_no_spaces&#8221; css=&#8221;.vc_custom_1565598619460{margin-bottom: -2px !important;background-color: #ffffff !important;}&#8221; mobile_bg_img_hidden=&#8221;no&#8221; tablet_bg_img_hidden=&#8221;no&#8221; woodmart_parallax=&#8221;0&#8243; woodmart_gradient_switch=&#8221;no&#8221; row_reverse_mobile=&#8221;0&#8243; row_reverse_tablet=&#8221;0&#8243; woodmart_disable_overflow=&#8221;0&#8243;][vc_column]\t\t\t<div id=\"wd-5d511b30b8daa\" class=\"wd-row-divider wd-5d511b30b8daa dvr-position-bottom dvr-style-curved-line woodmart-row-divider\">\n\t\t\t\t<svg xmlns=\"http:\/\/www.w3.org\/2000\/svg\" xmlns:xlink=\"http:\/\/www.w3.org\/1999\/xlink\" x=\"0px\" y=\"0px\"\n\t viewBox=\"0 0 100 100\" width=\"100%\" height=\"50px\" preserveAspectRatio=\"none\">\n<path display=\"none\" d=\"M100,25.8V100H0V52.5c-4.9-6.8-9.5-13.8-15-19.7V101h125V20.9C106.3,22,103,23.7,100,25.8z\"\/>\n<path d=\"M100,100V0.8C77.8,21.4,71.3,70.5,38.6,70.5c-18.8,0-29.1-16.2-38.6-34V100H100z\"\/>\n<\/svg>\n\t\t\t\t\t\t\t<\/div>\n\t\t[\/vc_column][\/vc_row][vc_row full_width=&#8221;stretch_row&#8221; content_placement=&#8221;middle&#8221; row_reverse_mobile=&#8221;1&#8243; css=&#8221;.vc_custom_1565598605788{background-color: #f9f9f9 !important;}&#8221; mobile_bg_img_hidden=&#8221;no&#8221; tablet_bg_img_hidden=&#8221;no&#8221; woodmart_parallax=&#8221;0&#8243; woodmart_gradient_switch=&#8221;no&#8221; row_reverse_tablet=&#8221;0&#8243; woodmart_disable_overflow=&#8221;0&#8243;][vc_column css=&#8221;.vc_custom_1565598021226{margin-top: 4vh !important;margin-bottom: 4vh !important;padding-top: 0px !important;}&#8221; offset=&#8221;vc_col-lg-5 vc_col-md-6&#8243; mobile_bg_img_hidden=&#8221;no&#8221; tablet_bg_img_hidden=&#8221;no&#8221; woodmart_parallax=&#8221;0&#8243; woodmart_sticky_column=&#8221;false&#8221; parallax_scroll=&#8221;no&#8221; mobile_reset_margin=&#8221;no&#8221; tablet_reset_margin=&#8221;no&#8221;]\t\t\t<div id=\"wd-5d587ca9cee3c\" class=\"wd-text-block-wrapper wd-wpb wd-rs-5d587ca9cee3c color-scheme-dark wd-width-100 text-left wd-off-anim wpb_animate_when_almost_visible wpb_wd-slide-from-bottom wd-slide-from-bottom wd-anim-name_wd-slide-from-bottom vc_custom_1566080266734\">\n\t\t\t\t<div class=\"woodmart-title-container woodmart-text-block reset-last-child font-primary wd-font-weight-500 \">\n\t\t\t\t\tMer <span class=\"color-primary\">f\u00e4rgstarka<\/span> alternativ.\t\t\t\t<\/div>\n\n\t\t\t\t\t\t\t<\/div>\n\t\t\t\t\t<div id=\"wd-5ebe38dd2329e\" class=\"wd-text-block-wrapper wd-wpb wd-rs-5ebe38dd2329e color-scheme- wd-width-100 text-left wd-off-anim wpb_animate_when_almost_visible wpb_wd-slide-from-bottom wd-slide-from-bottom wd-anim-name_wd-slide-from-bottom \">\n\t\t\t\t<div class=\"woodmart-title-container woodmart-text-block reset-last-child font-text wd-font-weight-400 \">\n\t\t\t\t\tXL DOUBLEKLINK-profilen finns som standard i tre olika f\u00e4rger som matchar de flesta val, den vackra och framg\u00e5ngsrika svart\/antracit som kan g\u00e5 \u00e5t b\u00e5da h\u00e5llen i den m\u00f6rka nyansen. Dessutom har vi en snygg och vacker gr\u00e5 f\u00e4rg som passar den naturliga betongen. Den klassiska bruna som alltid kommer att vara p\u00e5 framsidan om det borde OSE lite mer av exklusivitet och passar vackert i som en mer passande f\u00e4rg f\u00f6r tr\u00e4dstrukturen i XL profilen.\t\t\t\t<\/div>\n\n\t\t\t\t\t\t\t<\/div>\n\t\t<div id=\"wd-5d5142101711d\" class=\" wd-rs-5d5142101711d  wd-button-wrapper woodmart-button-wrapper wd-off-anim wpb_animate_when_almost_visible wpb_wd-slide-from-bottom wd-slide-from-bottom wd-anim-name_wd-slide-from-bottom text-center inline-element\"><a href=\"https:\/\/xlfence.com\/sv\/hitta-aterforsaljare\/\" title=\"Hitta \u00e5terf\u00f6rs\u00e4ljare\" class=\"btn btn-color-primary btn-style-bordered btn-style-semi-round btn-size-default\">Hitta \u00e5terf\u00f6rs\u00e4ljare<\/a><\/div>[\/vc_column][vc_column css=&#8221;.vc_custom_1565598012309{margin-top: 4vh !important;margin-bottom: 4vh !important;padding-top: 0px !important;}&#8221; offset=&#8221;vc_col-lg-7 vc_col-md-6&#8243; mobile_bg_img_hidden=&#8221;no&#8221; tablet_bg_img_hidden=&#8221;no&#8221; woodmart_parallax=&#8221;0&#8243; woodmart_sticky_column=&#8221;false&#8221; parallax_scroll=&#8221;no&#8221; mobile_reset_margin=&#8221;no&#8221; tablet_reset_margin=&#8221;no&#8221;]\t\t<div class=\"wd-image-hotspot-wrapper hotspot-action-hover hotspot-icon-alt color-scheme-dark vc_custom_1589524660243\">\n\t\t\t<div class=\"wd-image-hotspot-hotspots\">\n\t\t\t\t<img width=\"1024\" height=\"400\" src=\"https:\/\/xlfence.com\/wp-content\/uploads\/2017\/06\/baggrund_komposit_xl.png\" class=\"wd-image-hotspot-img attachment-full\" alt=\"\" loading=\"lazy\" title=\"baggrund_komposit_xl\" srcset=\"https:\/\/xlfence.com\/wp-content\/uploads\/2017\/06\/baggrund_komposit_xl.png 1024w, https:\/\/xlfence.com\/wp-content\/uploads\/2017\/06\/baggrund_komposit_xl-600x234.png 600w, https:\/\/xlfence.com\/wp-content\/uploads\/2017\/06\/baggrund_komposit_xl-300x117.png 300w, https:\/\/xlfence.com\/wp-content\/uploads\/2017\/06\/baggrund_komposit_xl-768x300.png 768w\" sizes=\"(max-width: 1024px) 100vw, 1024px\" \/><div class=\"wd-image-hotspot hotspot-type-text\" style=\"left: 33.857%; top: 37.477%;\"><span class=\"hotspot-sonar\"><\/span><div class=\"hotspot-btn wd-fill\"><\/div><div class=\"hotspot-text hotspot-content hotspot-dropdown-left\"><div class=\"hotspot-content-image\"><img width=\"600\" height=\"450\" src=\"https:\/\/xlfence.com\/wp-content\/uploads\/2019\/06\/xl_dobbeltklink_profil005.jpg\" class=\"wd-image-hotspot-img attachment-full\" alt=\"\" \/><\/div><h4 class=\"wd-entities-title\">H\u00e5l inuti<\/h4><\/div><\/div><div class=\"wd-image-hotspot hotspot-type-text\" style=\"left: 37.143%; top: 78.062%;\"><span class=\"hotspot-sonar\"><\/span><div class=\"hotspot-btn wd-fill\"><\/div><div class=\"hotspot-text hotspot-content hotspot-dropdown-left\"><div class=\"hotspot-content-image\"><img width=\"2000\" height=\"1157\" src=\"https:\/\/xlfence.com\/wp-content\/uploads\/2019\/05\/xlhegn_laager_1.jpg\" class=\"wd-image-hotspot-img attachment-full\" alt=\"\" \/><\/div><h4 class=\"wd-entities-title\">Yta med tr\u00e4konstruktion<\/h4><\/div><\/div><div class=\"wd-image-hotspot hotspot-type-text\" style=\"left: 73.896%; top: 66.716%;\"><span class=\"hotspot-sonar\"><\/span><div class=\"hotspot-btn wd-fill\"><\/div><div class=\"hotspot-text hotspot-content hotspot-dropdown-top\"><div class=\"hotspot-content-image\"><img width=\"1200\" height=\"1200\" src=\"https:\/\/xlfence.com\/wp-content\/uploads\/2019\/06\/XL_dobbeltklink_wpc_black.png\" class=\"wd-image-hotspot-img attachment-full\" alt=\"\" \/><\/div><h4 class=\"wd-entities-title\">SVART\/ANTRACIT WPC \/ Komposit<\/h4><\/div><\/div><br \/>\n            <br \/>\n            <br \/>\n            <br \/>\n          \t\t\t<\/div>\n\t\t<\/div>\n\t\t[\/vc_column][\/vc_row][vc_row full_width=&#8221;stretch_row_content_no_spaces&#8221; css=&#8221;.vc_custom_1565597647762{background-color: #f9f9f9 !important;}&#8221; mobile_bg_img_hidden=&#8221;no&#8221; tablet_bg_img_hidden=&#8221;no&#8221; woodmart_parallax=&#8221;0&#8243; woodmart_gradient_switch=&#8221;no&#8221; row_reverse_mobile=&#8221;0&#8243; row_reverse_tablet=&#8221;0&#8243; woodmart_disable_overflow=&#8221;0&#8243;][vc_column mobile_bg_img_hidden=&#8221;no&#8221; tablet_bg_img_hidden=&#8221;no&#8221; woodmart_parallax=&#8221;0&#8243; woodmart_sticky_column=&#8221;false&#8221; parallax_scroll=&#8221;no&#8221; mobile_reset_margin=&#8221;no&#8221; tablet_reset_margin=&#8221;no&#8221;]\t\t\t<div id=\"wd-5d514c08ab6fb\" class=\"wd-row-divider wd-5d514c08ab6fb dvr-position-bottom dvr-style-curved-line woodmart-row-divider dvr-overlap-enable\">\n\t\t\t\t<svg xmlns=\"http:\/\/www.w3.org\/2000\/svg\" xmlns:xlink=\"http:\/\/www.w3.org\/1999\/xlink\" x=\"0px\" y=\"0px\"\n\t viewBox=\"0 0 100 100\" width=\"100%\" height=\"50px\" preserveAspectRatio=\"none\">\n<path display=\"none\" d=\"M100,25.8V100H0V52.5c-4.9-6.8-9.5-13.8-15-19.7V101h125V20.9C106.3,22,103,23.7,100,25.8z\"\/>\n<path d=\"M100,100V0.8C77.8,21.4,71.3,70.5,38.6,70.5c-18.8,0-29.1-16.2-38.6-34V100H100z\"\/>\n<\/svg>\n\t\t\t\t\t\t\t<\/div>\n\t\t[\/vc_column][\/vc_row][vc_row][vc_column][vc_column_text]<\/p>\n<p>[\/vc_column_text][\/vc_column][\/vc_row]<\/p>\n","protected":false},"excerpt":{"rendered":"<p>XL WPC Dubbel klinkprofil med tr\u00e4struktur \u00e4r en exklusiv och nyutvecklad produkt av XL FENCE i det nya materialet WPC\/Composite (Wood Plastic Composite)<\/p>\n","protected":false},"featured_media":5005,"template":"","meta":[],"product_cat":[387],"product_tag":[],"yst_prominent_words":[133,128,119,846,214,129,120,847,215,1004,123,130,121,848,216,855,849,1222,1221,1220],"yoast_head":"<!-- This site is optimized with the Yoast SEO Premium plugin v14.4.1 - https:\/\/yoast.com\/wordpress\/plugins\/seo\/ -->\n<title>XL WPC STAKET PROFIL DUBBEL L\u00c4NK - XL Fence - Future Fencing<\/title>\n<meta name=\"robots\" content=\"index, follow\" \/>\n<meta name=\"googlebot\" content=\"index, follow, max-snippet:-1, max-image-preview:large, max-video-preview:-1\" \/>\n<meta name=\"bingbot\" content=\"index, follow, max-snippet:-1, max-image-preview:large, max-video-preview:-1\" \/>\n<link rel=\"canonical\" href=\"https:\/\/xlfence.com\/sv\/produkter\/accessories-sv-2\/xl-hegnsprofiler-sv\/xl-staket-dubbel-klink-profil-wpc-svart-antracite\/\" \/>\n<meta property=\"og:locale\" content=\"sv_SE\" \/>\n<meta property=\"og:type\" content=\"article\" \/>\n<meta property=\"og:title\" content=\"XL WPC STAKET PROFIL DUBBEL L\u00c4NK - XL Fence - Future Fencing\" \/>\n<meta property=\"og:description\" content=\"XL WPC Dubbel klinkprofil med tr\u00e4struktur \u00e4r en exklusiv och nyutvecklad produkt av XL FENCE i det nya materialet WPC\/Composite (Wood Plastic Composite)\" \/>\n<meta property=\"og:url\" content=\"https:\/\/xlfence.com\/sv\/produkter\/accessories-sv-2\/xl-hegnsprofiler-sv\/xl-staket-dubbel-klink-profil-wpc-svart-antracite\/\" \/>\n<meta property=\"og:site_name\" content=\"XL Fence - Future Fencing\" \/>\n<meta property=\"article:modified_time\" content=\"2020-05-19T10:01:40+00:00\" \/>\n<meta property=\"og:image\" content=\"https:\/\/xlfence.com\/wp-content\/uploads\/2019\/06\/XL_dobbeltklink_wpc_black.png\" \/>\n\t<meta property=\"og:image:width\" content=\"1200\" \/>\n\t<meta property=\"og:image:height\" content=\"1200\" \/>\n<meta name=\"twitter:card\" content=\"summary_large_image\" \/>\n<script type=\"application\/ld+json\" class=\"yoast-schema-graph\">{\"@context\":\"https:\/\/schema.org\",\"@graph\":[{\"@type\":\"WebSite\",\"@id\":\"https:\/\/xlfence.com\/sv\/#website\",\"url\":\"https:\/\/xlfence.com\/sv\/\",\"name\":\"XL Fence - Future Fencing\",\"description\":\"We produce fence of the future\",\"potentialAction\":[{\"@type\":\"SearchAction\",\"target\":\"https:\/\/xlfence.com\/sv\/?s={search_term_string}\",\"query-input\":\"required name=search_term_string\"}],\"inLanguage\":\"sv-SE\"},{\"@type\":\"ImageObject\",\"@id\":\"https:\/\/xlfence.com\/sv\/produkter\/accessories-sv-2\/xl-hegnsprofiler-sv\/xl-staket-dubbel-klink-profil-wpc-svart-antracite\/#primaryimage\",\"inLanguage\":\"sv-SE\",\"url\":\"https:\/\/xlfence.com\/wp-content\/uploads\/2019\/06\/XL_dobbeltklink_wpc_black.png\",\"width\":1200,\"height\":1200},{\"@type\":\"WebPage\",\"@id\":\"https:\/\/xlfence.com\/sv\/produkter\/accessories-sv-2\/xl-hegnsprofiler-sv\/xl-staket-dubbel-klink-profil-wpc-svart-antracite\/#webpage\",\"url\":\"https:\/\/xlfence.com\/sv\/produkter\/accessories-sv-2\/xl-hegnsprofiler-sv\/xl-staket-dubbel-klink-profil-wpc-svart-antracite\/\",\"name\":\"XL WPC STAKET PROFIL DUBBEL L\\u00c4NK - XL Fence - Future Fencing\",\"isPartOf\":{\"@id\":\"https:\/\/xlfence.com\/sv\/#website\"},\"primaryImageOfPage\":{\"@id\":\"https:\/\/xlfence.com\/sv\/produkter\/accessories-sv-2\/xl-hegnsprofiler-sv\/xl-staket-dubbel-klink-profil-wpc-svart-antracite\/#primaryimage\"},\"datePublished\":\"2019-08-03T08:06:25+00:00\",\"dateModified\":\"2020-05-19T10:01:40+00:00\",\"breadcrumb\":{\"@id\":\"https:\/\/xlfence.com\/sv\/produkter\/accessories-sv-2\/xl-hegnsprofiler-sv\/xl-staket-dubbel-klink-profil-wpc-svart-antracite\/#breadcrumb\"},\"inLanguage\":\"sv-SE\",\"potentialAction\":[{\"@type\":\"ReadAction\",\"target\":[\"https:\/\/xlfence.com\/sv\/produkter\/accessories-sv-2\/xl-hegnsprofiler-sv\/xl-staket-dubbel-klink-profil-wpc-svart-antracite\/\"]}]},{\"@type\":\"BreadcrumbList\",\"@id\":\"https:\/\/xlfence.com\/sv\/produkter\/accessories-sv-2\/xl-hegnsprofiler-sv\/xl-staket-dubbel-klink-profil-wpc-svart-antracite\/#breadcrumb\",\"itemListElement\":[{\"@type\":\"ListItem\",\"position\":1,\"item\":{\"@type\":\"WebPage\",\"@id\":\"https:\/\/xlfence.com\/sv\/\",\"url\":\"https:\/\/xlfence.com\/sv\/\",\"name\":\"Hjem\"}},{\"@type\":\"ListItem\",\"position\":2,\"item\":{\"@type\":\"WebPage\",\"@id\":\"https:\/\/xlfence.com\/sv\/butik\/\",\"url\":\"https:\/\/xlfence.com\/sv\/butik\/\",\"name\":\"Produkter\"}},{\"@type\":\"ListItem\",\"position\":3,\"item\":{\"@type\":\"WebPage\",\"@id\":\"https:\/\/xlfence.com\/sv\/produkter\/accessories-sv-2\/xl-hegnsprofiler-sv\/xl-staket-dubbel-klink-profil-wpc-svart-antracite\/\",\"url\":\"https:\/\/xlfence.com\/sv\/produkter\/accessories-sv-2\/xl-hegnsprofiler-sv\/xl-staket-dubbel-klink-profil-wpc-svart-antracite\/\",\"name\":\"XL WPC STAKET PROFIL DUBBEL L\\u00c4NK\"}}]}]}<\/script>\n<!-- \/ Yoast SEO Premium plugin. -->","_links":{"self":[{"href":"https:\/\/xlfence.com\/sv\/wp-json\/wp\/v2\/product\/6062"}],"collection":[{"href":"https:\/\/xlfence.com\/sv\/wp-json\/wp\/v2\/product"}],"about":[{"href":"https:\/\/xlfence.com\/sv\/wp-json\/wp\/v2\/types\/product"}],"wp:featuredmedia":[{"embeddable":true,"href":"https:\/\/xlfence.com\/sv\/wp-json\/wp\/v2\/media\/5005"}],"wp:attachment":[{"href":"https:\/\/xlfence.com\/sv\/wp-json\/wp\/v2\/media?parent=6062"}],"wp:term":[{"taxonomy":"product_cat","embeddable":true,"href":"https:\/\/xlfence.com\/sv\/wp-json\/wp\/v2\/product_cat?post=6062"},{"taxonomy":"product_tag","embeddable":true,"href":"https:\/\/xlfence.com\/sv\/wp-json\/wp\/v2\/product_tag?post=6062"},{"taxonomy":"yst_prominent_words","embeddable":true,"href":"https:\/\/xlfence.com\/sv\/wp-json\/wp\/v2\/yst_prominent_words?post=6062"}],"curies":[{"name":"wp","href":"https:\/\/api.w.org\/{rel}","templated":true}]}}